{"id":900,"date":"2021-02-12T15:14:58","date_gmt":"2021-02-12T14:14:58","guid":{"rendered":"https:\/\/qualityoutlet.com\/?page_id=900"},"modified":"2026-01-23T07:54:30","modified_gmt":"2026-01-23T07:54:30","slug":"find-your-way-here","status":"publish","type":"page","link":"https:\/\/qualityoutlet.com\/en\/visit\/find-your-way-here\/","title":{"rendered":"Location"},"content":{"rendered":"<div data-elementor-type=\"wp-page\" data-elementor-id=\"900\" class=\"elementor elementor-900\" data-elementor-post-type=\"page\">\n\t\t\t\t<div class=\"elementor-element elementor-element-2c5c9ce4 e-flex e-con-boxed e-con e-parent\" data-id=\"2c5c9ce4\" data-element_type=\"container\">\n\t\t\t\t\t<div class=\"e-con-inner\">\n\t\t\t\t<div class=\"elementor-element elementor-element-57618a84 elementor-widget elementor-widget-breadcrumbs\" data-id=\"57618a84\" data-element_type=\"widget\" data-widget_type=\"breadcrumbs.default\">\n\t\t\t\t\t<p id=\"breadcrumbs\"><span><span><a href=\"https:\/\/qualityoutlet.com\/en\/\">Home<\/a><\/span><\/span><\/p>\t\t\t\t<\/div>\n\t\t\t\t\t<\/div>\n\t\t\t\t<\/div>\n\t\t<div class=\"elementor-element elementor-element-d254706 e-flex e-con-boxed e-con e-parent\" data-id=\"d254706\" data-element_type=\"container\">\n\t\t\t\t\t<div class=\"e-con-inner\">\n\t\t\t\t<div class=\"elementor-element elementor-element-55846a29 elementor-widget__width-initial elementor-widget elementor-widget-text-editor\" data-id=\"55846a29\" data-element_type=\"widget\" data-widget_type=\"text-editor.default\">\n\t\t\t\t\t\t\t\t\t\n<div class=\"google-maps-container\">\n<div class=\"google-maps-container-inner\"><iframe id=\"google-maps\" style=\"border: 0;\" src=\"https:\/\/www.google.com\/maps\/embed?pb=!1m18!1m12!1m3!1d2029.951353978178!2d17.853714916409952!3d59.41720641101516!2m3!1f0!2f0!3f0!3m2!1i1024!2i768!4f13.1!3m3!1m2!1s0x465f9f6fe88fd205%3A0x38c73ac7d349a11!2sStockholm%20Quality%20Outlet!5e0!3m2!1ssv!2sse!4v1637746113081!5m2!1ssv!2sse\" width=\"600\" height=\"450\" allowfullscreen=\"allowfullscreen\"><\/iframe><\/div>\n<\/div>\n\n<h3 class=\"wp-block-heading\">\u00a0<\/h3>\n<h3><strong>See how close you are<\/strong><\/h3>\n\n<p>Click on the \u201dView a larger map\u201d tab and find your itinerary.<\/p>\n\n<h2 class=\"wp-block-heading\"><img decoding=\"async\" width=\"40\" height=\"40\" class=\"wp-image-9984\" style=\"width: 40px;\" src=\"https:\/\/qualityoutlet.com\/wp-content\/uploads\/2023\/02\/p.png\" alt=\"\" srcset=\"https:\/\/qualityoutlet.com\/wp-content\/uploads\/2023\/02\/p.png 500w, https:\/\/qualityoutlet.com\/wp-content\/uploads\/2023\/02\/p-300x300.png 300w, https:\/\/qualityoutlet.com\/wp-content\/uploads\/2023\/02\/p-150x150.png 150w\" sizes=\"(max-width: 40px) 100vw, 40px\" \/><\/h2>\n\n<h2 class=\"wp-block-heading\">Travel by car<\/h2>\n\n<p>Drive E18, choose exit 154 Trafikplats Jakobsberg towards Barkarby Handelsplats. Type Flyginfarten 4 in your GPS.<\/p>\n\n<h2 class=\"wp-block-heading\"><img decoding=\"async\" class=\"wp-image-4515\" style=\"width: 40px;\" src=\"https:\/\/qualityoutlet.com\/wp-content\/uploads\/2023\/02\/train.png\" alt=\"\" \/><\/h2>\n\n<h2 class=\"wp-block-heading\">Public transport<\/h2>\n\n<p>From Stockholm Central Station it takes about 30 minutes. Plan your journey at <a href=\"https:\/\/www.SL.se\" target=\"_blank\" rel=\"noreferrer noopener\">SL.se<\/a>, enter Barkarby Handelsplats (J\u00e4rf\u00e4lla) as the destination.<\/p>\n\n<p>Travel by commuter train from Stockholm Central Station to the Jakobsberg or Barkarby stop. Change to bus 567 (Jakobsberg) or 550 (Barkarby). Get off at the Barkarby Handelsplats stop.<\/p>\n\n<p>From Uppsala or Arlanda, travel to the Sollentuna station stop. Change to bus 567 (Jakobsberg) and get off at the Barkarby Handelsplats stop.<\/p>\n\n<h2 class=\"wp-block-heading\"><img decoding=\"async\" width=\"40\" height=\"40\" class=\"wp-image-10340\" style=\"width: 40px;\" src=\"https:\/\/qualityoutlet.com\/wp-content\/uploads\/2023\/04\/ferry.png\" alt=\"\" srcset=\"https:\/\/qualityoutlet.com\/wp-content\/uploads\/2023\/04\/ferry.png 500w, https:\/\/qualityoutlet.com\/wp-content\/uploads\/2023\/04\/ferry-300x300.png 300w, https:\/\/qualityoutlet.com\/wp-content\/uploads\/2023\/04\/ferry-150x150.png 150w\" sizes=\"(max-width: 40px) 100vw, 40px\" \/><\/h2>\n\n<h2 class=\"wp-block-heading\">From ferry terminals<\/h2>\n\n<p>Car from V\u00e4rtaterminalen: Take the Norra L\u00e4nken\/E20 motorway, then the E4 exit towards E18\/Sundsvall. Take exit 171 to E18 towards Oslo. Then take exit 155 at Trafikplats Barkarby. The car journey takes about 20 minutes.<\/p>\n\n<p>Public transport from V\u00e4rtaterminalen: Find your route at <a href=\"https:\/\/sl.se\/\" target=\"_blank\" rel=\"noreferrer noopener\">SL.se<\/a>. The journey takes about 1 hour.<\/p>\n\n<p>Car from the Nyn\u00e4shamn ferry terminal: Drive north on Nyn\u00e4sv\u00e4gen\/road 73. Change to E20 in Solna. Then take the E4 and E18 towards Oslo. Turn off at exit 155 at Trafikplats Barkarby. The car journey takes about 1 hour.<\/p>\n\n<p>Public transport from Nyn\u00e4shamn: Take commuter train no 43 straight to Barkarby station. Change to bus 550. Get off at the Barkarby Handelsplats stop. The journey takes about 1 hour 30 minutes.<\/p>\n\n<h2 class=\"wp-block-heading\"><img decoding=\"async\" class=\"wp-image-4512\" style=\"width: 40px;\" src=\"https:\/\/qualityoutlet.com\/wp-content\/uploads\/2023\/02\/bus.png\" alt=\"\" \/><\/h2>\n\n<h2 class=\"wp-block-heading\">Tour operators<\/h2>\n\n<p>Drive E18, take exit 154 Trafikplats Jakobsberg towards Barkarby Handelsplats. Type Flyginfarten 4 in your GPS. Coordinates: <a href=\"https:\/\/www.google.se\/maps\/place\/59%C2%B025'02.3%22N+17%C2%B051'29.4%22E\/@59.4173056,17.855978,17z\/\" target=\"_blank\" rel=\"noreferrer noopener\">59\u00b025\u20192.3\u2033N 17\u00b051\u201929.4\u2033E<\/a>. Bus parking is available along the front of P-West. Do you want to park the bus a little longer? Then choose the entrance from Enk\u00f6pingsv\u00e4gen instead. Contact the centre management for information and parking permits in advance. Telephone: <a href=\"tel:\" data-type=\"tel\" data-id=\"tel:\">08-522\u00a0182 41<\/a>.<\/p>\n\t\t\t\t\t\t\t\t<\/div>\n\t\t\t\t\t<\/div>\n\t\t\t\t<\/div>\n\t\t\t\t<\/div>","protected":false},"excerpt":{"rendered":"<p>\u00a0 See how close you are Click on the \u201dView a larger map\u201d tab and find your itinerary. Travel by car [...]<\/p>","protected":false},"author":4,"featured_media":23907,"parent":19,"menu_order":0,"comment_status":"closed","ping_status":"closed","template":"","meta":{"site-sidebar-layout":"default","site-content-layout":"","ast-site-content-layout":"default","site-content-style":"default","site-sidebar-style":"default","ast-global-header-display":"","ast-banner-title-visibility":"","ast-main-header-display":"","ast-hfb-above-header-display":"","ast-hfb-below-header-display":"","ast-hfb-mobile-header-display":"","site-post-title":"","ast-breadcrumbs-content":"","ast-featured-img":"","footer-sml-layout":"","ast-disable-related-posts":"","theme-transparent-header-meta":"","adv-header-id-meta":"","stick-header-meta":"","header-above-stick-meta":"","header-main-stick-meta":"","header-below-stick-meta":"","astra-migrate-meta-layouts":"default","ast-page-background-enabled":"default","ast-page-background-meta":{"desktop":{"background-color":"var(--ast-global-color-5)","background-image":"","background-repeat":"repeat","background-position":"center center","background-size":"auto","background-attachment":"scroll","background-type":"","background-media":"","overlay-type":"","overlay-color":"","overlay-opacity":"","overlay-gradient":""},"tablet":{"background-color":"","background-image":"","background-repeat":"repeat","background-position":"center center","background-size":"auto","background-attachment":"scroll","background-type":"","background-media":"","overlay-type":"","overlay-color":"","overlay-opacity":"","overlay-gradient":""},"mobile":{"background-color":"","background-image":"","background-repeat":"repeat","background-position":"center center","background-size":"auto","background-attachment":"scroll","background-type":"","background-media":"","overlay-type":"","overlay-color":"","overlay-opacity":"","overlay-gradient":""}},"ast-content-background-meta":{"desktop":{"background-color":"var(--ast-global-color-4)","background-image":"","background-repeat":"repeat","background-position":"center center","background-size":"auto","background-attachment":"scroll","background-type":"","background-media":"","overlay-type":"","overlay-color":"","overlay-opacity":"","overlay-gradient":""},"tablet":{"background-color":"var(--ast-global-color-4)","background-image":"","background-repeat":"repeat","background-position":"center center","background-size":"auto","background-attachment":"scroll","background-type":"","background-media":"","overlay-type":"","overlay-color":"","overlay-opacity":"","overlay-gradient":""},"mobile":{"background-color":"var(--ast-global-color-4)","background-image":"","background-repeat":"repeat","background-position":"center center","background-size":"auto","background-attachment":"scroll","background-type":"","background-media":"","overlay-type":"","overlay-color":"","overlay-opacity":"","overlay-gradient":""}},"footnotes":""},"class_list":["post-900","page","type-page","status-publish","has-post-thumbnail","hentry"],"yoast_head":"<title>Hitta hit - v\u00e4gbeskrivning till Stockholm Quality Outlet<\/title>\n<meta name=\"description\" content=\"Stockholm Quality Outlet ligger endast 20 minuter fr\u00e5n Stockholm city. Hit tar du dig enkelt med bil eller kollektivtrafik. V\u00e4lkommen!\" \/>\n<meta name=\"robots\" content=\"index, follow, max-snippet:-1, max-image-preview:large, max-video-preview:-1\" \/>\n<link rel=\"canonical\" href=\"https:\/\/qualityoutlet.com\/en\/wp-json\/wp\/v2\/pages\/900\" \/>\n<meta property=\"og:locale\" content=\"en_GB\" \/>\n<meta property=\"og:type\" content=\"article\" \/>\n<meta property=\"og:title\" content=\"Hitta hit - v\u00e4gbeskrivning till Stockholm Quality Outlet\" \/>\n<meta property=\"og:description\" content=\"Stockholm Quality Outlet ligger endast 20 minuter fr\u00e5n Stockholm city. Hit tar du dig enkelt med bil eller kollektivtrafik. V\u00e4lkommen!\" \/>\n<meta property=\"og:url\" content=\"https:\/\/qualityoutlet.com\/en\/visit\/find-your-way-here\/\" \/>\n<meta property=\"article:modified_time\" content=\"2026-01-23T07:54:30+00:00\" \/>\n<meta property=\"og:image\" content=\"https:\/\/qualityoutlet.com\/wp-content\/uploads\/2025\/12\/SQO-flygfoto-fran-Herrestavagen-ostra-p-2024-05-2-scaled.jpg\" \/>\n\t<meta property=\"og:image:width\" content=\"2560\" \/>\n\t<meta property=\"og:image:height\" content=\"1706\" \/>\n\t<meta property=\"og:image:type\" content=\"image\/jpeg\" \/>\n<meta name=\"twitter:card\" content=\"summary_large_image\" \/>\n<meta name=\"twitter:label1\" content=\"Estimated reading time\" \/>\n\t<meta name=\"twitter:data1\" content=\"3 minutes\" \/>\n<script type=\"application\/ld+json\" class=\"yoast-schema-graph\">{\"@context\":\"https:\/\/schema.org\",\"@graph\":[{\"@type\":\"WebPage\",\"@id\":\"https:\/\/qualityoutlet.com\/besok\/hitta-hit\/\",\"url\":\"https:\/\/qualityoutlet.com\/besok\/hitta-hit\/\",\"name\":\"Hitta hit - v\u00e4gbeskrivning till Stockholm Quality Outlet\",\"isPartOf\":{\"@id\":\"https:\/\/qualityoutlet.com\/#website\"},\"primaryImageOfPage\":{\"@id\":\"https:\/\/qualityoutlet.com\/besok\/hitta-hit\/#primaryimage\"},\"image\":{\"@id\":\"https:\/\/qualityoutlet.com\/besok\/hitta-hit\/#primaryimage\"},\"thumbnailUrl\":\"https:\/\/qualityoutlet.com\/wp-content\/uploads\/2025\/12\/SQO-flygfoto-fran-Herrestavagen-ostra-p-2024-05-2-scaled.jpg\",\"datePublished\":\"2021-02-12T14:14:58+00:00\",\"dateModified\":\"2026-01-23T07:54:30+00:00\",\"description\":\"Stockholm Quality Outlet ligger endast 20 minuter fr\u00e5n Stockholm city. Hit tar du dig enkelt med bil eller kollektivtrafik. V\u00e4lkommen!\",\"breadcrumb\":{\"@id\":\"https:\/\/qualityoutlet.com\/besok\/hitta-hit\/#breadcrumb\"},\"inLanguage\":\"en-GB\",\"potentialAction\":[{\"@type\":\"ReadAction\",\"target\":[\"https:\/\/qualityoutlet.com\/besok\/hitta-hit\/\"]}]},{\"@type\":\"ImageObject\",\"inLanguage\":\"en-GB\",\"@id\":\"https:\/\/qualityoutlet.com\/besok\/hitta-hit\/#primaryimage\",\"url\":\"https:\/\/qualityoutlet.com\/wp-content\/uploads\/2025\/12\/SQO-flygfoto-fran-Herrestavagen-ostra-p-2024-05-2-scaled.jpg\",\"contentUrl\":\"https:\/\/qualityoutlet.com\/wp-content\/uploads\/2025\/12\/SQO-flygfoto-fran-Herrestavagen-ostra-p-2024-05-2-scaled.jpg\",\"width\":2560,\"height\":1706},{\"@type\":\"BreadcrumbList\",\"@id\":\"https:\/\/qualityoutlet.com\/besok\/hitta-hit\/#breadcrumb\",\"itemListElement\":[{\"@type\":\"ListItem\",\"position\":1,\"name\":\"Hem\",\"item\":\"https:\/\/qualityoutlet.com\/\"},{\"@type\":\"ListItem\",\"position\":2,\"name\":\"Bes\u00f6k\",\"item\":\"https:\/\/qualityoutlet.com\/besok\/\"},{\"@type\":\"ListItem\",\"position\":3,\"name\":\"Hitta hit\"}]},{\"@type\":\"WebSite\",\"@id\":\"https:\/\/qualityoutlet.com\/#website\",\"url\":\"https:\/\/qualityoutlet.com\/\",\"name\":\"Stockholm Quality Outlet\",\"description\":\"\",\"potentialAction\":[{\"@type\":\"SearchAction\",\"target\":{\"@type\":\"EntryPoint\",\"urlTemplate\":\"https:\/\/qualityoutlet.com\/?s={search_term_string}\"},\"query-input\":{\"@type\":\"PropertyValueSpecification\",\"valueRequired\":true,\"valueName\":\"search_term_string\"}}],\"inLanguage\":\"en-GB\"}]}<\/script>","yoast_head_json":{"title":"Find here - directions to Stockholm Quality Outlet","description":"Stockholm Quality Outlet is only 20 minutes from Stockholm city centre. You can easily get here by car or public transport. You are welcome!","robots":{"index":"index","follow":"follow","max-snippet":"max-snippet:-1","max-image-preview":"max-image-preview:large","max-video-preview":"max-video-preview:-1"},"canonical":"https:\/\/qualityoutlet.com\/en\/wp-json\/wp\/v2\/pages\/900","og_locale":"en_GB","og_type":"article","og_title":"Hitta hit - v\u00e4gbeskrivning till Stockholm Quality Outlet","og_description":"Stockholm Quality Outlet ligger endast 20 minuter fr\u00e5n Stockholm city. Hit tar du dig enkelt med bil eller kollektivtrafik. V\u00e4lkommen!","og_url":"https:\/\/qualityoutlet.com\/en\/visit\/find-your-way-here\/","article_modified_time":"2026-01-23T07:54:30+00:00","og_image":[{"width":2560,"height":1706,"url":"https:\/\/qualityoutlet.com\/wp-content\/uploads\/2025\/12\/SQO-flygfoto-fran-Herrestavagen-ostra-p-2024-05-2-scaled.jpg","type":"image\/jpeg"}],"twitter_card":"summary_large_image","twitter_misc":{"Estimated reading time":"3 minutes"},"schema":{"@context":"https:\/\/schema.org","@graph":[{"@type":"WebPage","@id":"https:\/\/qualityoutlet.com\/besok\/hitta-hit\/","url":"https:\/\/qualityoutlet.com\/besok\/hitta-hit\/","name":"Find here - directions to Stockholm Quality Outlet","isPartOf":{"@id":"https:\/\/qualityoutlet.com\/#website"},"primaryImageOfPage":{"@id":"https:\/\/qualityoutlet.com\/besok\/hitta-hit\/#primaryimage"},"image":{"@id":"https:\/\/qualityoutlet.com\/besok\/hitta-hit\/#primaryimage"},"thumbnailUrl":"https:\/\/qualityoutlet.com\/wp-content\/uploads\/2025\/12\/SQO-flygfoto-fran-Herrestavagen-ostra-p-2024-05-2-scaled.jpg","datePublished":"2021-02-12T14:14:58+00:00","dateModified":"2026-01-23T07:54:30+00:00","description":"Stockholm Quality Outlet is only 20 minutes from Stockholm city centre. You can easily get here by car or public transport. You are welcome!","breadcrumb":{"@id":"https:\/\/qualityoutlet.com\/besok\/hitta-hit\/#breadcrumb"},"inLanguage":"en-GB","potentialAction":[{"@type":"ReadAction","target":["https:\/\/qualityoutlet.com\/besok\/hitta-hit\/"]}]},{"@type":"ImageObject","inLanguage":"en-GB","@id":"https:\/\/qualityoutlet.com\/besok\/hitta-hit\/#primaryimage","url":"https:\/\/qualityoutlet.com\/wp-content\/uploads\/2025\/12\/SQO-flygfoto-fran-Herrestavagen-ostra-p-2024-05-2-scaled.jpg","contentUrl":"https:\/\/qualityoutlet.com\/wp-content\/uploads\/2025\/12\/SQO-flygfoto-fran-Herrestavagen-ostra-p-2024-05-2-scaled.jpg","width":2560,"height":1706},{"@type":"BreadcrumbList","@id":"https:\/\/qualityoutlet.com\/besok\/hitta-hit\/#breadcrumb","itemListElement":[{"@type":"ListItem","position":1,"name":"Hem","item":"https:\/\/qualityoutlet.com\/"},{"@type":"ListItem","position":2,"name":"Bes\u00f6k","item":"https:\/\/qualityoutlet.com\/besok\/"},{"@type":"ListItem","position":3,"name":"Hitta hit"}]},{"@type":"WebSite","@id":"https:\/\/qualityoutlet.com\/#website","url":"https:\/\/qualityoutlet.com\/","name":"Stockholm Quality Outlet","description":"","potentialAction":[{"@type":"SearchAction","target":{"@type":"EntryPoint","urlTemplate":"https:\/\/qualityoutlet.com\/?s={search_term_string}"},"query-input":{"@type":"PropertyValueSpecification","valueRequired":true,"valueName":"search_term_string"}}],"inLanguage":"en-GB"}]}},"_links":{"self":[{"href":"https:\/\/qualityoutlet.com\/en\/wp-json\/wp\/v2\/pages\/900","targetHints":{"allow":["GET"]}}],"collection":[{"href":"https:\/\/qualityoutlet.com\/en\/wp-json\/wp\/v2\/pages"}],"about":[{"href":"https:\/\/qualityoutlet.com\/en\/wp-json\/wp\/v2\/types\/page"}],"author":[{"embeddable":true,"href":"https:\/\/qualityoutlet.com\/en\/wp-json\/wp\/v2\/users\/4"}],"replies":[{"embeddable":true,"href":"https:\/\/qualityoutlet.com\/en\/wp-json\/wp\/v2\/comments?post=900"}],"version-history":[{"count":15,"href":"https:\/\/qualityoutlet.com\/en\/wp-json\/wp\/v2\/pages\/900\/revisions"}],"predecessor-version":[{"id":23910,"href":"https:\/\/qualityoutlet.com\/en\/wp-json\/wp\/v2\/pages\/900\/revisions\/23910"}],"up":[{"embeddable":true,"href":"https:\/\/qualityoutlet.com\/en\/wp-json\/wp\/v2\/pages\/19"}],"wp:featuredmedia":[{"embeddable":true,"href":"https:\/\/qualityoutlet.com\/en\/wp-json\/wp\/v2\/media\/23907"}],"wp:attachment":[{"href":"https:\/\/qualityoutlet.com\/en\/wp-json\/wp\/v2\/media?parent=900"}],"curies":[{"name":"wp","href":"https:\/\/api.w.org\/{rel}","templated":true}]}}