{"id":894,"date":"2021-02-12T14:54:15","date_gmt":"2021-02-12T13:54:15","guid":{"rendered":"https:\/\/qualityoutlet.com\/?page_id=894"},"modified":"2026-01-23T08:06:29","modified_gmt":"2026-01-23T08:06:29","slug":"camera-surveillance-policy","status":"publish","type":"page","link":"https:\/\/qualityoutlet.com\/en\/camera-surveillance-policy\/","title":{"rendered":"Policy on camera surveillance"},"content":{"rendered":"<div data-elementor-type=\"wp-page\" data-elementor-id=\"894\" class=\"elementor elementor-894\" data-elementor-post-type=\"page\">\n\t\t\t\t<div class=\"elementor-element elementor-element-519093fb e-flex e-con-boxed e-con e-parent\" data-id=\"519093fb\" data-element_type=\"container\">\n\t\t\t\t\t<div class=\"e-con-inner\">\n\t\t\t\t<div class=\"elementor-element elementor-element-2036345 elementor-widget elementor-widget-breadcrumbs\" data-id=\"2036345\" data-element_type=\"widget\" data-widget_type=\"breadcrumbs.default\">\n\t\t\t\t\t<p id=\"breadcrumbs\"><span><span><a href=\"https:\/\/qualityoutlet.com\/en\/\">Home<\/a><\/span><\/span><\/p>\t\t\t\t<\/div>\n\t\t\t\t\t<\/div>\n\t\t\t\t<\/div>\n\t\t<div class=\"elementor-element elementor-element-2d9906f1 e-flex e-con-boxed e-con e-parent\" data-id=\"2d9906f1\" data-element_type=\"container\">\n\t\t\t\t\t<div class=\"e-con-inner\">\n\t\t\t\t<div class=\"elementor-element elementor-element-ffe32e1 elementor-widget elementor-widget-heading\" data-id=\"ffe32e1\" data-element_type=\"widget\" data-widget_type=\"heading.default\">\n\t\t\t\t\t<h1 class=\"elementor-heading-title elementor-size-default\">Policy on camera surveillance<\/h1>\t\t\t\t<\/div>\n\t\t\t\t<div class=\"elementor-element elementor-element-438f0fd2 elementor-widget elementor-widget-text-editor\" data-id=\"438f0fd2\" data-element_type=\"widget\" data-widget_type=\"text-editor.default\">\n\t\t\t\t\t\t\t\t\t\n<p>For everyone's safety, we carry out camera surveillance at Stockholm Quality Outlet. The purpose is primarily crime prevention but also, if necessary, to use as evidence to investigate crimes and to increase security in the centre.<\/p>\n\n\n\n<ul class=\"wp-block-list\"><li>Barkarby J\u00e4rf\u00e4lla S\u00e4by 3:22 AB is responsible for camera surveillance.<\/li><li>Contact details for Barkarby J\u00e4rf\u00e4lla S\u00e4by 3:22 AB are\u00a0<a href=\"mailto:hello@qualityoutlet.com\" target=\"_blank\" rel=\"noreferrer noopener\">hello@qualityoutlet.com<\/a><\/li><li>The images are kept strictly confidential.<\/li><li>The footage is available for 30 days for the police to access in order to solve crimes.<\/li><li>After 30 days, all images are automatically deleted.<\/li><li>Access to the data is strictly limited and password-protected. The police may, upon request, access material related to offences they are investigating. Control of recording is only done when necessary in accordance with the purpose.<\/li><li>No images will be transferred to third countries.<\/li><li>No images will be used for automated decision-making.<\/li><li>For complaints, please contact the Privacy Authority if you believe we are in breach of laws, rules or agreements.<\/li><li>If you have any questions or concerns, please do not hesitate to contact the centre management. We can be reached by e-mail:\u00a0<a href=\"mailto:hello@qualityoutlet.com\" target=\"_blank\" rel=\"noreferrer noopener\">hello@qualityoutlet.com<\/a><\/li><\/ul>\n\t\t\t\t\t\t\t\t<\/div>\n\t\t\t\t\t<\/div>\n\t\t\t\t<\/div>\n\t\t\t\t<\/div>","protected":false},"excerpt":{"rendered":"<p>Policy on camera surveillance For everyone's safety, we carry out camera surveillance at Stockholm Quality Outlet. The purpose is primarily crime prevention but also in case of [...]<\/p>","protected":false},"author":4,"featured_media":0,"parent":0,"menu_order":0,"comment_status":"closed","ping_status":"closed","template":"","meta":{"site-sidebar-layout":"default","site-content-layout":"","ast-site-content-layout":"default","site-content-style":"default","site-sidebar-style":"default","ast-global-header-display":"","ast-banner-title-visibility":"","ast-main-header-display":"","ast-hfb-above-header-display":"","ast-hfb-below-header-display":"","ast-hfb-mobile-header-display":"","site-post-title":"","ast-breadcrumbs-content":"","ast-featured-img":"","footer-sml-layout":"","ast-disable-related-posts":"","theme-transparent-header-meta":"","adv-header-id-meta":"","stick-header-meta":"","header-above-stick-meta":"","header-main-stick-meta":"","header-below-stick-meta":"","astra-migrate-meta-layouts":"default","ast-page-background-enabled":"default","ast-page-background-meta":{"desktop":{"background-color":"var(--ast-global-color-5)","background-image":"","background-repeat":"repeat","background-position":"center center","background-size":"auto","background-attachment":"scroll","background-type":"","background-media":"","overlay-type":"","overlay-color":"","overlay-opacity":"","overlay-gradient":""},"tablet":{"background-color":"","background-image":"","background-repeat":"repeat","background-position":"center center","background-size":"auto","background-attachment":"scroll","background-type":"","background-media":"","overlay-type":"","overlay-color":"","overlay-opacity":"","overlay-gradient":""},"mobile":{"background-color":"","background-image":"","background-repeat":"repeat","background-position":"center center","background-size":"auto","background-attachment":"scroll","background-type":"","background-media":"","overlay-type":"","overlay-color":"","overlay-opacity":"","overlay-gradient":""}},"ast-content-background-meta":{"desktop":{"background-color":"var(--ast-global-color-4)","background-image":"","background-repeat":"repeat","background-position":"center center","background-size":"auto","background-attachment":"scroll","background-type":"","background-media":"","overlay-type":"","overlay-color":"","overlay-opacity":"","overlay-gradient":""},"tablet":{"background-color":"var(--ast-global-color-4)","background-image":"","background-repeat":"repeat","background-position":"center center","background-size":"auto","background-attachment":"scroll","background-type":"","background-media":"","overlay-type":"","overlay-color":"","overlay-opacity":"","overlay-gradient":""},"mobile":{"background-color":"var(--ast-global-color-4)","background-image":"","background-repeat":"repeat","background-position":"center center","background-size":"auto","background-attachment":"scroll","background-type":"","background-media":"","overlay-type":"","overlay-color":"","overlay-opacity":"","overlay-gradient":""}},"footnotes":""},"class_list":["post-894","page","type-page","status-publish","hentry"],"yoast_head":"<title>Policy om kamera\u00f6vervakning - kameror f\u00f6r att \u00f6ka s\u00e4kerheten<\/title>\n<meta name=\"robots\" content=\"index, follow, max-snippet:-1, max-image-preview:large, max-video-preview:-1\" \/>\n<link rel=\"canonical\" href=\"https:\/\/qualityoutlet.com\/en\/wp-json\/wp\/v2\/pages\/894\" \/>\n<meta property=\"og:locale\" content=\"en_GB\" \/>\n<meta property=\"og:type\" content=\"article\" \/>\n<meta property=\"og:title\" content=\"Policy om kamera\u00f6vervakning - kameror f\u00f6r att \u00f6ka s\u00e4kerheten\" \/>\n<meta property=\"og:description\" content=\"Policy om kamerabevakning F\u00f6r allas s\u00e4kerhet utf\u00f6r vi kamerabevakning p\u00e5 Stockholm Quality Outlet. Syftet \u00e4r prim\u00e4rt brottsf\u00f6rebyggande men \u00e4ven vid [&hellip;]\" \/>\n<meta property=\"og:url\" content=\"https:\/\/qualityoutlet.com\/en\/camera-surveillance-policy\/\" \/>\n<meta property=\"article:modified_time\" content=\"2026-01-23T08:06:29+00:00\" \/>\n<meta name=\"twitter:card\" content=\"summary_large_image\" \/>\n<meta name=\"twitter:label1\" content=\"Estimated reading time\" \/>\n\t<meta name=\"twitter:data1\" content=\"1 minute\" \/>\n<script type=\"application\/ld+json\" class=\"yoast-schema-graph\">{\"@context\":\"https:\/\/schema.org\",\"@graph\":[{\"@type\":\"WebPage\",\"@id\":\"https:\/\/qualityoutlet.com\/policy-om-kameraovervakning\/\",\"url\":\"https:\/\/qualityoutlet.com\/policy-om-kameraovervakning\/\",\"name\":\"Policy om kamera\u00f6vervakning - kameror f\u00f6r att \u00f6ka s\u00e4kerheten\",\"isPartOf\":{\"@id\":\"https:\/\/qualityoutlet.com\/#website\"},\"datePublished\":\"2021-02-12T13:54:15+00:00\",\"dateModified\":\"2026-01-23T08:06:29+00:00\",\"breadcrumb\":{\"@id\":\"https:\/\/qualityoutlet.com\/policy-om-kameraovervakning\/#breadcrumb\"},\"inLanguage\":\"en-GB\",\"potentialAction\":[{\"@type\":\"ReadAction\",\"target\":[\"https:\/\/qualityoutlet.com\/policy-om-kameraovervakning\/\"]}]},{\"@type\":\"BreadcrumbList\",\"@id\":\"https:\/\/qualityoutlet.com\/policy-om-kameraovervakning\/#breadcrumb\",\"itemListElement\":[{\"@type\":\"ListItem\",\"position\":1,\"name\":\"Hem\",\"item\":\"https:\/\/qualityoutlet.com\/\"},{\"@type\":\"ListItem\",\"position\":2,\"name\":\"Policy om kamera\u00f6vervakning\"}]},{\"@type\":\"WebSite\",\"@id\":\"https:\/\/qualityoutlet.com\/#website\",\"url\":\"https:\/\/qualityoutlet.com\/\",\"name\":\"Stockholm Quality Outlet\",\"description\":\"\",\"potentialAction\":[{\"@type\":\"SearchAction\",\"target\":{\"@type\":\"EntryPoint\",\"urlTemplate\":\"https:\/\/qualityoutlet.com\/?s={search_term_string}\"},\"query-input\":{\"@type\":\"PropertyValueSpecification\",\"valueRequired\":true,\"valueName\":\"search_term_string\"}}],\"inLanguage\":\"en-GB\"}]}<\/script>","yoast_head_json":{"title":"CCTV policy - cameras to increase security","robots":{"index":"index","follow":"follow","max-snippet":"max-snippet:-1","max-image-preview":"max-image-preview:large","max-video-preview":"max-video-preview:-1"},"canonical":"https:\/\/qualityoutlet.com\/en\/wp-json\/wp\/v2\/pages\/894","og_locale":"en_GB","og_type":"article","og_title":"Policy om kamera\u00f6vervakning - kameror f\u00f6r att \u00f6ka s\u00e4kerheten","og_description":"Policy om kamerabevakning F\u00f6r allas s\u00e4kerhet utf\u00f6r vi kamerabevakning p\u00e5 Stockholm Quality Outlet. Syftet \u00e4r prim\u00e4rt brottsf\u00f6rebyggande men \u00e4ven vid [&hellip;]","og_url":"https:\/\/qualityoutlet.com\/en\/camera-surveillance-policy\/","article_modified_time":"2026-01-23T08:06:29+00:00","twitter_card":"summary_large_image","twitter_misc":{"Estimated reading time":"1 minute"},"schema":{"@context":"https:\/\/schema.org","@graph":[{"@type":"WebPage","@id":"https:\/\/qualityoutlet.com\/policy-om-kameraovervakning\/","url":"https:\/\/qualityoutlet.com\/policy-om-kameraovervakning\/","name":"CCTV policy - cameras to increase security","isPartOf":{"@id":"https:\/\/qualityoutlet.com\/#website"},"datePublished":"2021-02-12T13:54:15+00:00","dateModified":"2026-01-23T08:06:29+00:00","breadcrumb":{"@id":"https:\/\/qualityoutlet.com\/policy-om-kameraovervakning\/#breadcrumb"},"inLanguage":"en-GB","potentialAction":[{"@type":"ReadAction","target":["https:\/\/qualityoutlet.com\/policy-om-kameraovervakning\/"]}]},{"@type":"BreadcrumbList","@id":"https:\/\/qualityoutlet.com\/policy-om-kameraovervakning\/#breadcrumb","itemListElement":[{"@type":"ListItem","position":1,"name":"Hem","item":"https:\/\/qualityoutlet.com\/"},{"@type":"ListItem","position":2,"name":"Policy om kamera\u00f6vervakning"}]},{"@type":"WebSite","@id":"https:\/\/qualityoutlet.com\/#website","url":"https:\/\/qualityoutlet.com\/","name":"Stockholm Quality Outlet","description":"","potentialAction":[{"@type":"SearchAction","target":{"@type":"EntryPoint","urlTemplate":"https:\/\/qualityoutlet.com\/?s={search_term_string}"},"query-input":{"@type":"PropertyValueSpecification","valueRequired":true,"valueName":"search_term_string"}}],"inLanguage":"en-GB"}]}},"_links":{"self":[{"href":"https:\/\/qualityoutlet.com\/en\/wp-json\/wp\/v2\/pages\/894","targetHints":{"allow":["GET"]}}],"collection":[{"href":"https:\/\/qualityoutlet.com\/en\/wp-json\/wp\/v2\/pages"}],"about":[{"href":"https:\/\/qualityoutlet.com\/en\/wp-json\/wp\/v2\/types\/page"}],"author":[{"embeddable":true,"href":"https:\/\/qualityoutlet.com\/en\/wp-json\/wp\/v2\/users\/4"}],"replies":[{"embeddable":true,"href":"https:\/\/qualityoutlet.com\/en\/wp-json\/wp\/v2\/comments?post=894"}],"version-history":[{"count":6,"href":"https:\/\/qualityoutlet.com\/en\/wp-json\/wp\/v2\/pages\/894\/revisions"}],"predecessor-version":[{"id":20504,"href":"https:\/\/qualityoutlet.com\/en\/wp-json\/wp\/v2\/pages\/894\/revisions\/20504"}],"wp:attachment":[{"href":"https:\/\/qualityoutlet.com\/en\/wp-json\/wp\/v2\/media?parent=894"}],"curies":[{"name":"wp","href":"https:\/\/api.w.org\/{rel}","templated":true}]}}