{"id":885,"date":"2021-02-12T13:57:57","date_gmt":"2021-02-12T12:57:57","guid":{"rendered":"https:\/\/qualityoutlet.com\/?page_id=885"},"modified":"2026-03-10T14:32:40","modified_gmt":"2026-03-10T14:32:40","slug":"opening-hours","status":"publish","type":"page","link":"https:\/\/qualityoutlet.com\/en\/opening-hours\/","title":{"rendered":"Opening hours"},"content":{"rendered":"<div data-elementor-type=\"wp-page\" data-elementor-id=\"885\" class=\"elementor elementor-885\" data-elementor-post-type=\"page\">\n\t\t\t\t<div class=\"elementor-element elementor-element-161499fb e-flex e-con-boxed e-con e-parent\" data-id=\"161499fb\" data-element_type=\"container\">\n\t\t\t\t\t<div class=\"e-con-inner\">\n\t\t\t\t<div class=\"elementor-element elementor-element-452db29a elementor-widget__width-initial elementor-widget elementor-widget-text-editor\" data-id=\"452db29a\" data-element_type=\"widget\" data-widget_type=\"text-editor.default\">\n\t\t\t\t\t\t\t\t\t<p><strong>All shops<\/strong><br \/>Monday - Sunday 10-19<\/p>\n<p><!-- \/wp:paragraph --><!-- wp:paragraph --><\/p>\n<p><strong>Food hall<\/strong><br \/>Monday - Friday 10:30 - 19:00<br \/>Saturday - Sunday 11:00 - 19:30<\/p>\n<p><!-- \/wp:paragraph --><!-- wp:paragraph --><\/p>\n<p><strong>Espresso House<\/strong><br \/>Monday - Friday 08-20<br \/>Saturday - Sunday 08-19<\/p>\n<p><!-- \/wp:paragraph --><!-- wp:paragraph --><\/p>\n<p><strong>Special days &amp; different opening hours<\/strong><\/p>\n<p><!-- \/wp:paragraph --><!-- wp:table --><\/p>\n<figure class=\"wp-block-table\">\n<table>\n<tbody>\n<tr>\n<td>1\/1 New Year's Day 2026<\/td>\n<td>Thursday<\/td>\n<td>CLOSED<\/td>\n<\/tr>\n<tr>\n<td>19\/6 Midsummer's Eve<\/td>\n<td>Friday<\/td>\n<td>CLOSED<\/td>\n<\/tr>\n<tr>\n<td>20\/6 Midsummer's Day<\/td>\n<td>Saturday<\/td>\n<td>10-19<\/td>\n<\/tr>\n<tr>\n<td>27\/11 Black Friday<\/td>\n<td>Friday<\/td>\n<td>09-20<\/td>\n<\/tr>\n<tr>\n<td>24\/12 Christmas Eve<\/td>\n<td>Thursday<\/td>\n<td>CLOSED<\/td>\n<\/tr>\n<tr>\n<td>25\/12 Christmas Day<\/td>\n<td>Friday<\/td>\n<td>CLOSED<\/td>\n<\/tr>\n<tr>\n<td>26\/12 Boxing Day<\/td>\n<td>Saturday<\/td>\n<td>09-20<\/td>\n<\/tr>\n<tr>\n<td>31\/12 New Year's Eve<\/td>\n<td>Thursday<\/td>\n<td>10-16<\/td>\n<\/tr>\n<tr>\n<td>1\/1 New Year's Day 2027<\/td>\n<td>Friday<\/td>\n<td>CLOSED<\/td>\n<\/tr>\n<\/tbody>\n<\/table>\n<\/figure>\n<p><!-- \/wp:table --><!-- wp:paragraph --><\/p>\n<p><!-- \/wp:paragraph --><\/p>\t\t\t\t\t\t\t\t<\/div>\n\t\t\t\t\t<\/div>\n\t\t\t\t<\/div>\n\t\t\t\t<\/div>","protected":false},"excerpt":{"rendered":"<p>All storesMonday - Sunday 10am - 7pm Food hallMonday - Friday 10:30am - 7pmSaturday - Sunday 11am - 7:30pm Espresso [...]<\/p>","protected":false},"author":4,"featured_media":0,"parent":0,"menu_order":0,"comment_status":"closed","ping_status":"closed","template":"","meta":{"site-sidebar-layout":"default","site-content-layout":"","ast-site-content-layout":"default","site-content-style":"default","site-sidebar-style":"default","ast-global-header-display":"","ast-banner-title-visibility":"","ast-main-header-display":"","ast-hfb-above-header-display":"","ast-hfb-below-header-display":"","ast-hfb-mobile-header-display":"","site-post-title":"","ast-breadcrumbs-content":"","ast-featured-img":"","footer-sml-layout":"","ast-disable-related-posts":"","theme-transparent-header-meta":"","adv-header-id-meta":"","stick-header-meta":"","header-above-stick-meta":"","header-main-stick-meta":"","header-below-stick-meta":"","astra-migrate-meta-layouts":"default","ast-page-background-enabled":"default","ast-page-background-meta":{"desktop":{"background-color":"var(--ast-global-color-5)","background-image":"","background-repeat":"repeat","background-position":"center center","background-size":"auto","background-attachment":"scroll","background-type":"","background-media":"","overlay-type":"","overlay-color":"","overlay-opacity":"","overlay-gradient":""},"tablet":{"background-color":"","background-image":"","background-repeat":"repeat","background-position":"center center","background-size":"auto","background-attachment":"scroll","background-type":"","background-media":"","overlay-type":"","overlay-color":"","overlay-opacity":"","overlay-gradient":""},"mobile":{"background-color":"","background-image":"","background-repeat":"repeat","background-position":"center center","background-size":"auto","background-attachment":"scroll","background-type":"","background-media":"","overlay-type":"","overlay-color":"","overlay-opacity":"","overlay-gradient":""}},"ast-content-background-meta":{"desktop":{"background-color":"var(--ast-global-color-4)","background-image":"","background-repeat":"repeat","background-position":"center center","background-size":"auto","background-attachment":"scroll","background-type":"","background-media":"","overlay-type":"","overlay-color":"","overlay-opacity":"","overlay-gradient":""},"tablet":{"background-color":"var(--ast-global-color-4)","background-image":"","background-repeat":"repeat","background-position":"center center","background-size":"auto","background-attachment":"scroll","background-type":"","background-media":"","overlay-type":"","overlay-color":"","overlay-opacity":"","overlay-gradient":""},"mobile":{"background-color":"var(--ast-global-color-4)","background-image":"","background-repeat":"repeat","background-position":"center center","background-size":"auto","background-attachment":"scroll","background-type":"","background-media":"","overlay-type":"","overlay-color":"","overlay-opacity":"","overlay-gradient":""}},"footnotes":""},"class_list":["post-885","page","type-page","status-publish","hentry"],"yoast_head":"<title>Butikerna &amp; restaurangernas \u00f6ppettider hos Stockholm Quality Outlet<\/title>\n<meta name=\"description\" content=\"Alla butiker p\u00e5 SQO har \u00f6ppet alla dagar kl 10-19. Food hallen \u00f6ppet vardagar kl 10:30-20:30, helger 11-19:30.\" \/>\n<meta name=\"robots\" content=\"index, follow, max-snippet:-1, max-image-preview:large, max-video-preview:-1\" \/>\n<link rel=\"canonical\" href=\"https:\/\/qualityoutlet.com\/en\/wp-json\/wp\/v2\/pages\/885\" \/>\n<meta property=\"og:locale\" content=\"en_GB\" \/>\n<meta property=\"og:type\" content=\"article\" \/>\n<meta property=\"og:title\" content=\"Butikerna &amp; restaurangernas \u00f6ppettider hos Stockholm Quality Outlet\" \/>\n<meta property=\"og:description\" content=\"Alla butiker p\u00e5 SQO har \u00f6ppet alla dagar kl 10-19. Food hallen \u00f6ppet vardagar kl 10:30-20:30, helger 11-19:30.\" \/>\n<meta property=\"og:url\" content=\"https:\/\/qualityoutlet.com\/en\/opening-hours\/\" \/>\n<meta property=\"article:modified_time\" content=\"2026-03-10T14:32:40+00:00\" \/>\n<meta name=\"twitter:card\" content=\"summary_large_image\" \/>\n<meta name=\"twitter:label1\" content=\"Estimated reading time\" \/>\n\t<meta name=\"twitter:data1\" content=\"1 minute\" \/>\n<script type=\"application\/ld+json\" class=\"yoast-schema-graph\">{\"@context\":\"https:\/\/schema.org\",\"@graph\":[{\"@type\":\"WebPage\",\"@id\":\"https:\/\/qualityoutlet.com\/oppettider\/\",\"url\":\"https:\/\/qualityoutlet.com\/oppettider\/\",\"name\":\"Butikerna & restaurangernas \u00f6ppettider hos Stockholm Quality Outlet\",\"isPartOf\":{\"@id\":\"https:\/\/qualityoutlet.com\/#website\"},\"datePublished\":\"2021-02-12T12:57:57+00:00\",\"dateModified\":\"2026-03-10T14:32:40+00:00\",\"description\":\"Alla butiker p\u00e5 SQO har \u00f6ppet alla dagar kl 10-19. Food hallen \u00f6ppet vardagar kl 10:30-20:30, helger 11-19:30.\",\"breadcrumb\":{\"@id\":\"https:\/\/qualityoutlet.com\/oppettider\/#breadcrumb\"},\"inLanguage\":\"en-GB\",\"potentialAction\":[{\"@type\":\"ReadAction\",\"target\":[\"https:\/\/qualityoutlet.com\/oppettider\/\"]}]},{\"@type\":\"BreadcrumbList\",\"@id\":\"https:\/\/qualityoutlet.com\/oppettider\/#breadcrumb\",\"itemListElement\":[{\"@type\":\"ListItem\",\"position\":1,\"name\":\"Hem\",\"item\":\"https:\/\/qualityoutlet.com\/\"},{\"@type\":\"ListItem\",\"position\":2,\"name\":\"\u00d6ppettider\"}]},{\"@type\":\"WebSite\",\"@id\":\"https:\/\/qualityoutlet.com\/#website\",\"url\":\"https:\/\/qualityoutlet.com\/\",\"name\":\"Stockholm Quality Outlet\",\"description\":\"\",\"potentialAction\":[{\"@type\":\"SearchAction\",\"target\":{\"@type\":\"EntryPoint\",\"urlTemplate\":\"https:\/\/qualityoutlet.com\/?s={search_term_string}\"},\"query-input\":{\"@type\":\"PropertyValueSpecification\",\"valueRequired\":true,\"valueName\":\"search_term_string\"}}],\"inLanguage\":\"en-GB\"}]}<\/script>","yoast_head_json":{"title":"Opening hours at Stockholm Quality Outlet","description":"All shops at SQO are open every day from 10:00 to 19:00. The food hall is open weekdays from 10:30 to 20:30, weekends 11:00 to 19:30.","robots":{"index":"index","follow":"follow","max-snippet":"max-snippet:-1","max-image-preview":"max-image-preview:large","max-video-preview":"max-video-preview:-1"},"canonical":"https:\/\/qualityoutlet.com\/en\/wp-json\/wp\/v2\/pages\/885","og_locale":"en_GB","og_type":"article","og_title":"Butikerna & restaurangernas \u00f6ppettider hos Stockholm Quality Outlet","og_description":"Alla butiker p\u00e5 SQO har \u00f6ppet alla dagar kl 10-19. Food hallen \u00f6ppet vardagar kl 10:30-20:30, helger 11-19:30.","og_url":"https:\/\/qualityoutlet.com\/en\/opening-hours\/","article_modified_time":"2026-03-10T14:32:40+00:00","twitter_card":"summary_large_image","twitter_misc":{"Estimated reading time":"1 minute"},"schema":{"@context":"https:\/\/schema.org","@graph":[{"@type":"WebPage","@id":"https:\/\/qualityoutlet.com\/oppettider\/","url":"https:\/\/qualityoutlet.com\/oppettider\/","name":"Opening hours at Stockholm Quality Outlet","isPartOf":{"@id":"https:\/\/qualityoutlet.com\/#website"},"datePublished":"2021-02-12T12:57:57+00:00","dateModified":"2026-03-10T14:32:40+00:00","description":"All shops at SQO are open every day from 10:00 to 19:00. The food hall is open weekdays from 10:30 to 20:30, weekends 11:00 to 19:30.","breadcrumb":{"@id":"https:\/\/qualityoutlet.com\/oppettider\/#breadcrumb"},"inLanguage":"en-GB","potentialAction":[{"@type":"ReadAction","target":["https:\/\/qualityoutlet.com\/oppettider\/"]}]},{"@type":"BreadcrumbList","@id":"https:\/\/qualityoutlet.com\/oppettider\/#breadcrumb","itemListElement":[{"@type":"ListItem","position":1,"name":"Hem","item":"https:\/\/qualityoutlet.com\/"},{"@type":"ListItem","position":2,"name":"\u00d6ppettider"}]},{"@type":"WebSite","@id":"https:\/\/qualityoutlet.com\/#website","url":"https:\/\/qualityoutlet.com\/","name":"Stockholm Quality Outlet","description":"","potentialAction":[{"@type":"SearchAction","target":{"@type":"EntryPoint","urlTemplate":"https:\/\/qualityoutlet.com\/?s={search_term_string}"},"query-input":{"@type":"PropertyValueSpecification","valueRequired":true,"valueName":"search_term_string"}}],"inLanguage":"en-GB"}]}},"_links":{"self":[{"href":"https:\/\/qualityoutlet.com\/en\/wp-json\/wp\/v2\/pages\/885","targetHints":{"allow":["GET"]}}],"collection":[{"href":"https:\/\/qualityoutlet.com\/en\/wp-json\/wp\/v2\/pages"}],"about":[{"href":"https:\/\/qualityoutlet.com\/en\/wp-json\/wp\/v2\/types\/page"}],"author":[{"embeddable":true,"href":"https:\/\/qualityoutlet.com\/en\/wp-json\/wp\/v2\/users\/4"}],"replies":[{"embeddable":true,"href":"https:\/\/qualityoutlet.com\/en\/wp-json\/wp\/v2\/comments?post=885"}],"version-history":[{"count":9,"href":"https:\/\/qualityoutlet.com\/en\/wp-json\/wp\/v2\/pages\/885\/revisions"}],"predecessor-version":[{"id":24266,"href":"https:\/\/qualityoutlet.com\/en\/wp-json\/wp\/v2\/pages\/885\/revisions\/24266"}],"wp:attachment":[{"href":"https:\/\/qualityoutlet.com\/en\/wp-json\/wp\/v2\/media?parent=885"}],"curies":[{"name":"wp","href":"https:\/\/api.w.org\/{rel}","templated":true}]}}