{"id":4269,"date":"2021-09-21T16:20:53","date_gmt":"2021-09-21T14:20:53","guid":{"rendered":"https:\/\/qualityoutlet.com\/?page_id=4269"},"modified":"2026-02-27T08:22:52","modified_gmt":"2026-02-27T08:22:52","slug":"coffee-and-tea","status":"publish","type":"page","link":"https:\/\/qualityoutlet.com\/en\/coffee-and-tea\/","title":{"rendered":"Coffee and food"},"content":{"rendered":"<h1 class=\"wp-block-heading\" id=\"block-14765291-20a5-4f8d-a265-30baf216f8b1\">Shopping, coffee,<br>shopping, coffee<\/h1>\n\n\n\n<p>On a serious shopping spree, you need to take a break in between. Enjoy, compare the bargains and fill up with some extra energy. We have several places to choose from that offer real Swedish coffee - Waynes, Espresso House but also at Hawaii Pok\u00e9 Dough in the Food hall you can enjoy a good coffee and healthy sweets.<\/p>","protected":false},"excerpt":{"rendered":"<p>Shopping, coffee, shopping, coffee On a serious shopping trip, you need to take a break in between. To savour, compare bargains and fill up with some extra energy [...]<\/p>","protected":false},"author":4,"featured_media":4270,"parent":0,"menu_order":0,"comment_status":"closed","ping_status":"closed","template":"","meta":{"site-sidebar-layout":"default","site-content-layout":"","ast-site-content-layout":"default","site-content-style":"default","site-sidebar-style":"default","ast-global-header-display":"","ast-banner-title-visibility":"","ast-main-header-display":"","ast-hfb-above-header-display":"","ast-hfb-below-header-display":"","ast-hfb-mobile-header-display":"","site-post-title":"","ast-breadcrumbs-content":"","ast-featured-img":"","footer-sml-layout":"","ast-disable-related-posts":"","theme-transparent-header-meta":"","adv-header-id-meta":"","stick-header-meta":"","header-above-stick-meta":"","header-main-stick-meta":"","header-below-stick-meta":"","astra-migrate-meta-layouts":"default","ast-page-background-enabled":"default","ast-page-background-meta":{"desktop":{"background-color":"var(--ast-global-color-5)","background-image":"","background-repeat":"repeat","background-position":"center center","background-size":"auto","background-attachment":"scroll","background-type":"","background-media":"","overlay-type":"","overlay-color":"","overlay-opacity":"","overlay-gradient":""},"tablet":{"background-color":"","background-image":"","background-repeat":"repeat","background-position":"center center","background-size":"auto","background-attachment":"scroll","background-type":"","background-media":"","overlay-type":"","overlay-color":"","overlay-opacity":"","overlay-gradient":""},"mobile":{"background-color":"","background-image":"","background-repeat":"repeat","background-position":"center center","background-size":"auto","background-attachment":"scroll","background-type":"","background-media":"","overlay-type":"","overlay-color":"","overlay-opacity":"","overlay-gradient":""}},"ast-content-background-meta":{"desktop":{"background-color":"var(--ast-global-color-4)","background-image":"","background-repeat":"repeat","background-position":"center center","background-size":"auto","background-attachment":"scroll","background-type":"","background-media":"","overlay-type":"","overlay-color":"","overlay-opacity":"","overlay-gradient":""},"tablet":{"background-color":"var(--ast-global-color-4)","background-image":"","background-repeat":"repeat","background-position":"center center","background-size":"auto","background-attachment":"scroll","background-type":"","background-media":"","overlay-type":"","overlay-color":"","overlay-opacity":"","overlay-gradient":""},"mobile":{"background-color":"var(--ast-global-color-4)","background-image":"","background-repeat":"repeat","background-position":"center center","background-size":"auto","background-attachment":"scroll","background-type":"","background-media":"","overlay-type":"","overlay-color":"","overlay-opacity":"","overlay-gradient":""}},"footnotes":""},"class_list":["post-4269","page","type-page","status-publish","has-post-thumbnail","hentry"],"yoast_head":"<title>Shopping &amp; fika - kombinera hos Stockholm Quality Outlet<\/title>\n<meta name=\"description\" content=\"Pausa f\u00f6r en god bit mat eller fika n\u00e4r du shoppar p\u00e5 Stockholm Quality Outlet. Bes\u00f6k v\u00e5ra restauranger och caf\u00e9er f\u00f6r en trevlig matupplevelse.\" \/>\n<meta name=\"robots\" content=\"index, follow, max-snippet:-1, max-image-preview:large, max-video-preview:-1\" \/>\n<link rel=\"canonical\" href=\"https:\/\/qualityoutlet.com\/en\/wp-json\/wp\/v2\/pages\/4269\" \/>\n<meta property=\"og:locale\" content=\"en_GB\" \/>\n<meta property=\"og:type\" content=\"article\" \/>\n<meta property=\"og:title\" content=\"Shopping &amp; fika - kombinera hos Stockholm Quality Outlet\" \/>\n<meta property=\"og:description\" content=\"Pausa f\u00f6r en god bit mat eller fika n\u00e4r du shoppar p\u00e5 Stockholm Quality Outlet. Bes\u00f6k v\u00e5ra restauranger och caf\u00e9er f\u00f6r en trevlig matupplevelse.\" \/>\n<meta property=\"og:url\" content=\"https:\/\/qualityoutlet.com\/en\/coffee-and-tea\/\" \/>\n<meta property=\"article:modified_time\" content=\"2026-02-27T08:22:52+00:00\" \/>\n<meta property=\"og:image\" content=\"https:\/\/qualityoutlet.com\/wp-content\/uploads\/2021\/09\/J1A7130-kopiera-scaled-1.jpg\" \/>\n\t<meta property=\"og:image:width\" content=\"1707\" \/>\n\t<meta property=\"og:image:height\" content=\"2560\" \/>\n\t<meta property=\"og:image:type\" content=\"image\/jpeg\" \/>\n<meta name=\"twitter:card\" content=\"summary_large_image\" \/>\n<meta name=\"twitter:label1\" content=\"Estimated reading time\" \/>\n\t<meta name=\"twitter:data1\" content=\"1 minute\" \/>\n<script type=\"application\/ld+json\" class=\"yoast-schema-graph\">{\"@context\":\"https:\/\/schema.org\",\"@graph\":[{\"@type\":\"WebPage\",\"@id\":\"https:\/\/qualityoutlet.com\/fika-och-ata\/\",\"url\":\"https:\/\/qualityoutlet.com\/fika-och-ata\/\",\"name\":\"Shopping & fika - kombinera hos Stockholm Quality Outlet\",\"isPartOf\":{\"@id\":\"https:\/\/qualityoutlet.com\/#website\"},\"primaryImageOfPage\":{\"@id\":\"https:\/\/qualityoutlet.com\/fika-och-ata\/#primaryimage\"},\"image\":{\"@id\":\"https:\/\/qualityoutlet.com\/fika-och-ata\/#primaryimage\"},\"thumbnailUrl\":\"https:\/\/qualityoutlet.com\/wp-content\/uploads\/2021\/09\/J1A7130-kopiera-scaled-1.jpg\",\"datePublished\":\"2021-09-21T14:20:53+00:00\",\"dateModified\":\"2026-02-27T08:22:52+00:00\",\"description\":\"Pausa f\u00f6r en god bit mat eller fika n\u00e4r du shoppar p\u00e5 Stockholm Quality Outlet. Bes\u00f6k v\u00e5ra restauranger och caf\u00e9er f\u00f6r en trevlig matupplevelse.\",\"breadcrumb\":{\"@id\":\"https:\/\/qualityoutlet.com\/fika-och-ata\/#breadcrumb\"},\"inLanguage\":\"en-GB\",\"potentialAction\":[{\"@type\":\"ReadAction\",\"target\":[\"https:\/\/qualityoutlet.com\/fika-och-ata\/\"]}]},{\"@type\":\"ImageObject\",\"inLanguage\":\"en-GB\",\"@id\":\"https:\/\/qualityoutlet.com\/fika-och-ata\/#primaryimage\",\"url\":\"https:\/\/qualityoutlet.com\/wp-content\/uploads\/2021\/09\/J1A7130-kopiera-scaled-1.jpg\",\"contentUrl\":\"https:\/\/qualityoutlet.com\/wp-content\/uploads\/2021\/09\/J1A7130-kopiera-scaled-1.jpg\",\"width\":1707,\"height\":2560},{\"@type\":\"BreadcrumbList\",\"@id\":\"https:\/\/qualityoutlet.com\/fika-och-ata\/#breadcrumb\",\"itemListElement\":[{\"@type\":\"ListItem\",\"position\":1,\"name\":\"Hem\",\"item\":\"https:\/\/qualityoutlet.com\/\"},{\"@type\":\"ListItem\",\"position\":2,\"name\":\"Fika och \u00e4ta\"}]},{\"@type\":\"WebSite\",\"@id\":\"https:\/\/qualityoutlet.com\/#website\",\"url\":\"https:\/\/qualityoutlet.com\/\",\"name\":\"Stockholm Quality Outlet\",\"description\":\"\",\"potentialAction\":[{\"@type\":\"SearchAction\",\"target\":{\"@type\":\"EntryPoint\",\"urlTemplate\":\"https:\/\/qualityoutlet.com\/?s={search_term_string}\"},\"query-input\":{\"@type\":\"PropertyValueSpecification\",\"valueRequired\":true,\"valueName\":\"search_term_string\"}}],\"inLanguage\":\"en-GB\"}]}<\/script>","yoast_head_json":{"title":"Shopping &amp; coffee - combine at Stockholm Quality Outlet","description":"Take a break for a good bite to eat or a coffee while shopping at Stockholm Quality Outlet. Visit our restaurants and caf\u00e9s for a pleasant dining experience.","robots":{"index":"index","follow":"follow","max-snippet":"max-snippet:-1","max-image-preview":"max-image-preview:large","max-video-preview":"max-video-preview:-1"},"canonical":"https:\/\/qualityoutlet.com\/en\/wp-json\/wp\/v2\/pages\/4269","og_locale":"en_GB","og_type":"article","og_title":"Shopping & fika - kombinera hos Stockholm Quality Outlet","og_description":"Pausa f\u00f6r en god bit mat eller fika n\u00e4r du shoppar p\u00e5 Stockholm Quality Outlet. Bes\u00f6k v\u00e5ra restauranger och caf\u00e9er f\u00f6r en trevlig matupplevelse.","og_url":"https:\/\/qualityoutlet.com\/en\/coffee-and-tea\/","article_modified_time":"2026-02-27T08:22:52+00:00","og_image":[{"width":1707,"height":2560,"url":"https:\/\/qualityoutlet.com\/wp-content\/uploads\/2021\/09\/J1A7130-kopiera-scaled-1.jpg","type":"image\/jpeg"}],"twitter_card":"summary_large_image","twitter_misc":{"Estimated reading time":"1 minute"},"schema":{"@context":"https:\/\/schema.org","@graph":[{"@type":"WebPage","@id":"https:\/\/qualityoutlet.com\/fika-och-ata\/","url":"https:\/\/qualityoutlet.com\/fika-och-ata\/","name":"Shopping &amp; coffee - combine at Stockholm Quality Outlet","isPartOf":{"@id":"https:\/\/qualityoutlet.com\/#website"},"primaryImageOfPage":{"@id":"https:\/\/qualityoutlet.com\/fika-och-ata\/#primaryimage"},"image":{"@id":"https:\/\/qualityoutlet.com\/fika-och-ata\/#primaryimage"},"thumbnailUrl":"https:\/\/qualityoutlet.com\/wp-content\/uploads\/2021\/09\/J1A7130-kopiera-scaled-1.jpg","datePublished":"2021-09-21T14:20:53+00:00","dateModified":"2026-02-27T08:22:52+00:00","description":"Take a break for a good bite to eat or a coffee while shopping at Stockholm Quality Outlet. Visit our restaurants and caf\u00e9s for a pleasant dining experience.","breadcrumb":{"@id":"https:\/\/qualityoutlet.com\/fika-och-ata\/#breadcrumb"},"inLanguage":"en-GB","potentialAction":[{"@type":"ReadAction","target":["https:\/\/qualityoutlet.com\/fika-och-ata\/"]}]},{"@type":"ImageObject","inLanguage":"en-GB","@id":"https:\/\/qualityoutlet.com\/fika-och-ata\/#primaryimage","url":"https:\/\/qualityoutlet.com\/wp-content\/uploads\/2021\/09\/J1A7130-kopiera-scaled-1.jpg","contentUrl":"https:\/\/qualityoutlet.com\/wp-content\/uploads\/2021\/09\/J1A7130-kopiera-scaled-1.jpg","width":1707,"height":2560},{"@type":"BreadcrumbList","@id":"https:\/\/qualityoutlet.com\/fika-och-ata\/#breadcrumb","itemListElement":[{"@type":"ListItem","position":1,"name":"Hem","item":"https:\/\/qualityoutlet.com\/"},{"@type":"ListItem","position":2,"name":"Fika och \u00e4ta"}]},{"@type":"WebSite","@id":"https:\/\/qualityoutlet.com\/#website","url":"https:\/\/qualityoutlet.com\/","name":"Stockholm Quality Outlet","description":"","potentialAction":[{"@type":"SearchAction","target":{"@type":"EntryPoint","urlTemplate":"https:\/\/qualityoutlet.com\/?s={search_term_string}"},"query-input":{"@type":"PropertyValueSpecification","valueRequired":true,"valueName":"search_term_string"}}],"inLanguage":"en-GB"}]}},"_links":{"self":[{"href":"https:\/\/qualityoutlet.com\/en\/wp-json\/wp\/v2\/pages\/4269","targetHints":{"allow":["GET"]}}],"collection":[{"href":"https:\/\/qualityoutlet.com\/en\/wp-json\/wp\/v2\/pages"}],"about":[{"href":"https:\/\/qualityoutlet.com\/en\/wp-json\/wp\/v2\/types\/page"}],"author":[{"embeddable":true,"href":"https:\/\/qualityoutlet.com\/en\/wp-json\/wp\/v2\/users\/4"}],"replies":[{"embeddable":true,"href":"https:\/\/qualityoutlet.com\/en\/wp-json\/wp\/v2\/comments?post=4269"}],"version-history":[{"count":1,"href":"https:\/\/qualityoutlet.com\/en\/wp-json\/wp\/v2\/pages\/4269\/revisions"}],"predecessor-version":[{"id":19486,"href":"https:\/\/qualityoutlet.com\/en\/wp-json\/wp\/v2\/pages\/4269\/revisions\/19486"}],"wp:featuredmedia":[{"embeddable":true,"href":"https:\/\/qualityoutlet.com\/en\/wp-json\/wp\/v2\/media\/4270"}],"wp:attachment":[{"href":"https:\/\/qualityoutlet.com\/en\/wp-json\/wp\/v2\/media?parent=4269"}],"curies":[{"name":"wp","href":"https:\/\/api.w.org\/{rel}","templated":true}]}}