{"id":320,"date":"2021-01-27T09:42:27","date_gmt":"2021-01-27T08:42:27","guid":{"rendered":"https:\/\/qualityoutlet.com\/?page_id=320"},"modified":"2026-04-01T09:37:47","modified_gmt":"2026-04-01T09:37:47","slug":"about-sqo","status":"publish","type":"page","link":"https:\/\/qualityoutlet.com\/en\/about-sqo\/","title":{"rendered":"About SQO"},"content":{"rendered":"<div data-elementor-type=\"wp-page\" data-elementor-id=\"320\" class=\"elementor elementor-320\" data-elementor-post-type=\"page\">\n\t\t\t\t<div class=\"elementor-element elementor-element-461eabbc e-flex e-con-boxed e-con e-parent\" data-id=\"461eabbc\" data-element_type=\"container\">\n\t\t\t\t\t<div class=\"e-con-inner\">\n\t\t\t\t\t<\/div>\n\t\t\t\t<\/div>\n\t\t<div class=\"elementor-element elementor-element-40bc12bb e-flex e-con-boxed e-con e-parent\" data-id=\"40bc12bb\" data-element_type=\"container\">\n\t\t\t\t\t<div class=\"e-con-inner\">\n\t\t\t\t<div class=\"elementor-element elementor-element-f86cd7e elementor-widget elementor-widget-heading\" data-id=\"f86cd7e\" data-element_type=\"widget\" data-widget_type=\"heading.default\">\n\t\t\t\t\t<h1 class=\"elementor-heading-title elementor-size-default\">About SQO<\/h1>\t\t\t\t<\/div>\n\t\t\t\t<div class=\"elementor-element elementor-element-751166ef elementor-widget__width-initial elementor-widget elementor-widget-text-editor\" data-id=\"751166ef\" data-element_type=\"widget\" data-widget_type=\"text-editor.default\">\n\t\t\t\t\t\t\t\t\t<figure class=\"wp-block-gallery columns-1 is-cropped\">\n<figure><img decoding=\"async\" class=\"wp-image-14203\" src=\"https:\/\/qualityoutlet.com\/wp-content\/uploads\/2024\/10\/SQO-MAJ-7-2500x1699.jpg\" alt=\"\" data-id=\"14203\" data-full-url=\"https:\/\/qualityoutlet.com\/wp-content\/uploads\/2024\/10\/SQO-MAJ-7-scaled.jpg\" data-link=\"https:\/\/qualityoutlet.com\/om-sqo\/sqo-maj-7-5\/\" \/><\/figure>\n<figure><\/figure>\n<figure><span style=\"font-size: 16px;\">\u00a0<\/span><\/figure>\n<figure><span style=\"font-size: 16px;\">We are one of northern Europe's largest outlets with around 70 stores and 200 Scandinavian and international brands. Here you have the chance to make real bargains among fashion, shoes, sports, outdoor, accessories and home furnishings. The stores are run by each individual brand selling the excess from current or previous collections - always with a discount of 30%-70% off the regular selling price.<\/span><\/figure>\n<\/figure>\n<p>Experience the thrill of an outlet! Here you have the chance to make bargains that are truly unique. These stores are not like other stores - one time you'll find that jacket you've been eyeing in town but now at half the price, the other time you'll stumble upon a unique sample collection that will never be sold in regular stores.<\/p>\n<p><!-- \/wp:paragraph --><!-- wp:paragraph --><\/p>\n<p>The collections in the shops come from previous seasons or even last season's fashion. There may also be garments from sample collections or overstocks. The quality is guaranteed by the brand. Often you will find exciting and unique sample collections with products that have never been sold on the market before and may never be.<\/p>\n<p>At Stockholm Quality Outlet you can shop in comfort. We have plenty of parking spaces where you can park for free for four hours. Inside the outlet area there is a quiet and pleasant outdoor environment without car traffic. We have two playgrounds for children, and if you get hungry there are both restaurants and caf\u00e9s. In our shops, new bargains appear all the time - and often disappear quickly too. We reserve the right to sell out of products and offers quickly.<\/p>\n<p><!-- \/wp:paragraph --><!-- wp:paragraph --><\/p>\n<p><strong>You can stay up-to-date with these three tips:<br \/><\/strong><br \/><strong>1. visit us often<\/strong><br \/>Our stores are a bit specialised with their outlet selection and you don't always know what's inside. Plus, new deliveries are constantly arriving. Of course, if you visit us often, you'll increase your chances of discovering the best bargains.<\/p>\n<p><!-- \/wp:paragraph --><!-- wp:paragraph --><\/p>\n<p><strong>2. Keep track of our channels<br \/><\/strong>Check out our website here where you are! Here you'll find the most important and practical information about what's available in the shops. Of course, you should follow us on <a href=\"https:\/\/www.facebook.com\/qualityoutlet\" target=\"_blank\" rel=\"noreferrer noopener\">Facebook<\/a>, <a href=\"https:\/\/www.instagram.com\/stockholmqualityoutlet\/\" target=\"_blank\" rel=\"noreferrer noopener\">Instagram <\/a>and <a href=\"https:\/\/www.tiktok.com\/@stockholmqualityoutlet\">TikTok<\/a> Also. From time to time we email information to our friends on the mailing list, <a href=\"https:\/\/qualityoutlet.com\/en\/visit\/newsletter\/\">start your subscription here<\/a>!<\/p>\n<p><!-- \/wp:paragraph --><!-- wp:paragraph --><\/p>\n<p><strong>3. call and find out<br \/><\/strong>If you know exactly what you want, the easiest way is to call the shops directly to ask if they have what you are looking for. Contact details can be found on each shop's own page. Sometimes staff do not have time to answer the phone as they need to attend to customers in the shop. A few shops do not have contact details for customers, so you have to visit them in person.<!-- \/wp:button --><\/p>\n<p><!-- \/wp:paragraph --><!-- wp:separator --><!-- \/wp:buttons --><\/p>\t\t\t\t\t\t\t\t<\/div>\n\t\t\t\t<div class=\"elementor-element elementor-element-f8dde9b elementor-widget elementor-widget-button\" data-id=\"f8dde9b\" data-element_type=\"widget\" data-widget_type=\"button.default\">\n\t\t\t\t\t\t\t\t\t\t<a class=\"elementor-button elementor-button-link elementor-size-sm\" href=\"\/en\/stores\/\">\n\t\t\t\t\t\t<span class=\"elementor-button-content-wrapper\">\n\t\t\t\t\t\t<span class=\"elementor-button-icon\">\n\t\t\t\t<svg aria-hidden=\"true\" class=\"e-font-icon-svg e-fas-chevron-right\" viewbox=\"0 0 320 512\" xmlns=\"http:\/\/www.w3.org\/2000\/svg\"><path d=\"M285.476 272.971L91.132 467.314c-9.373 9.373-24.569 9.373-33.941 0l-22.667-22.667c-9.357-9.357-9.375-24.522-.04-33.901L188.505 256 34.484 101.255c-9.335-9.379-9.317-24.544.04-33.901l22.667-22.667c9.373-9.373 24.569-9.373 33.941 0L285.475 239.03c9.373 9.372 9.373 24.568.001 33.941z\"><\/path><\/svg>\t\t\t<\/span>\n\t\t\t\t\t\t\t\t\t<span class=\"elementor-button-text\">Here you can find all the stores on SQO!<\/span>\n\t\t\t\t\t<\/span>\n\t\t\t\t\t<\/a>\n\t\t\t\t\t\t\t\t<\/div>\n\t\t\t\t\t<\/div>\n\t\t\t\t<\/div>\n\t\t<div class=\"elementor-element elementor-element-22d8420d e-flex e-con-boxed e-con e-parent\" data-id=\"22d8420d\" data-element_type=\"container\" id=\"deals\" data-settings=\"{&quot;background_background&quot;:&quot;classic&quot;}\">\n\t\t\t\t\t<div class=\"e-con-inner\">\n\t\t\t\t<div class=\"elementor-element elementor-element-17c417b elementor-widget elementor-widget-heading\" data-id=\"17c417b\" data-element_type=\"widget\" data-widget_type=\"heading.default\">\n\t\t\t\t\t<h2 class=\"elementor-heading-title elementor-size-default\">Outlet deals.* <\/h2>\t\t\t\t<\/div>\n\t\t\t\t\t<\/div>\n\t\t\t\t<\/div>\n\t\t\t\t<\/div>","protected":false},"excerpt":{"rendered":"<p>\u00a0 Vi \u00e4r en av norra Europas st\u00f6rsta outlets med ca 70 butiker och 200 skandinaviska och internationella varum\u00e4rken. H\u00e4r [&hellip;]<\/p>","protected":false},"author":4,"featured_media":23772,"parent":0,"menu_order":0,"comment_status":"closed","ping_status":"closed","template":"","meta":{"site-sidebar-layout":"default","site-content-layout":"","ast-site-content-layout":"default","site-content-style":"default","site-sidebar-style":"default","ast-global-header-display":"","ast-banner-title-visibility":"","ast-main-header-display":"","ast-hfb-above-header-display":"","ast-hfb-below-header-display":"","ast-hfb-mobile-header-display":"","site-post-title":"disabled","ast-breadcrumbs-content":"","ast-featured-img":"","footer-sml-layout":"","ast-disable-related-posts":"","theme-transparent-header-meta":"default","adv-header-id-meta":"","stick-header-meta":"default","header-above-stick-meta":"","header-main-stick-meta":"","header-below-stick-meta":"","astra-migrate-meta-layouts":"set","ast-page-background-enabled":"default","ast-page-background-meta":{"desktop":{"background-color":"var(--ast-global-color-5)","background-image":"","background-repeat":"repeat","background-position":"center center","background-size":"auto","background-attachment":"scroll","background-type":"","background-media":"","overlay-type":"","overlay-color":"","overlay-opacity":"","overlay-gradient":""},"tablet":{"background-color":"","background-image":"","background-repeat":"repeat","background-position":"center center","background-size":"auto","background-attachment":"scroll","background-type":"","background-media":"","overlay-type":"","overlay-color":"","overlay-opacity":"","overlay-gradient":""},"mobile":{"background-color":"","background-image":"","background-repeat":"repeat","background-position":"center center","background-size":"auto","background-attachment":"scroll","background-type":"","background-media":"","overlay-type":"","overlay-color":"","overlay-opacity":"","overlay-gradient":""}},"ast-content-background-meta":{"desktop":{"background-color":"var(--ast-global-color-4)","background-image":"","background-repeat":"repeat","background-position":"center center","background-size":"auto","background-attachment":"scroll","background-type":"","background-media":"","overlay-type":"","overlay-color":"","overlay-opacity":"","overlay-gradient":""},"tablet":{"background-color":"var(--ast-global-color-4)","background-image":"","background-repeat":"repeat","background-position":"center center","background-size":"auto","background-attachment":"scroll","background-type":"","background-media":"","overlay-type":"","overlay-color":"","overlay-opacity":"","overlay-gradient":""},"mobile":{"background-color":"var(--ast-global-color-4)","background-image":"","background-repeat":"repeat","background-position":"center center","background-size":"auto","background-attachment":"scroll","background-type":"","background-media":"","overlay-type":"","overlay-color":"","overlay-opacity":"","overlay-gradient":""}},"footnotes":""},"class_list":["post-320","page","type-page","status-publish","has-post-thumbnail","hentry"],"yoast_head":"<title>Om Stockholm Quality Outlet - l\u00e4s om SQO<\/title>\n<meta name=\"robots\" content=\"index, follow, max-snippet:-1, max-image-preview:large, max-video-preview:-1\" \/>\n<link rel=\"canonical\" href=\"https:\/\/qualityoutlet.com\/en\/wp-json\/wp\/v2\/pages\/320\" \/>\n<meta property=\"og:locale\" content=\"en_GB\" \/>\n<meta property=\"og:type\" content=\"article\" \/>\n<meta property=\"og:title\" content=\"Om Stockholm Quality Outlet - l\u00e4s om SQO\" \/>\n<meta property=\"og:description\" content=\"\u00a0 Vi \u00e4r en av norra Europas st\u00f6rsta outlets med ca 70 butiker och 200 skandinaviska och internationella varum\u00e4rken. H\u00e4r [&hellip;]\" \/>\n<meta property=\"og:url\" content=\"https:\/\/qualityoutlet.com\/en\/about-sqo\/\" \/>\n<meta property=\"article:modified_time\" content=\"2026-04-01T09:37:47+00:00\" \/>\n<meta property=\"og:image\" content=\"https:\/\/qualityoutlet.com\/wp-content\/uploads\/2025\/12\/sqo-front-hero.jpg\" \/>\n\t<meta property=\"og:image:width\" content=\"1920\" \/>\n\t<meta property=\"og:image:height\" content=\"1305\" \/>\n\t<meta property=\"og:image:type\" content=\"image\/jpeg\" \/>\n<meta name=\"twitter:card\" content=\"summary_large_image\" \/>\n<meta name=\"twitter:label1\" content=\"Estimated reading time\" \/>\n\t<meta name=\"twitter:data1\" content=\"3 minutes\" \/>\n<script type=\"application\/ld+json\" class=\"yoast-schema-graph\">{\"@context\":\"https:\/\/schema.org\",\"@graph\":[{\"@type\":\"WebPage\",\"@id\":\"https:\/\/qualityoutlet.com\/om-sqo\/\",\"url\":\"https:\/\/qualityoutlet.com\/om-sqo\/\",\"name\":\"Om Stockholm Quality Outlet - l\u00e4s om SQO\",\"isPartOf\":{\"@id\":\"https:\/\/qualityoutlet.com\/#website\"},\"primaryImageOfPage\":{\"@id\":\"https:\/\/qualityoutlet.com\/om-sqo\/#primaryimage\"},\"image\":{\"@id\":\"https:\/\/qualityoutlet.com\/om-sqo\/#primaryimage\"},\"thumbnailUrl\":\"https:\/\/qualityoutlet.com\/wp-content\/uploads\/2025\/12\/sqo-front-hero.jpg\",\"datePublished\":\"2021-01-27T08:42:27+00:00\",\"dateModified\":\"2026-04-01T09:37:47+00:00\",\"breadcrumb\":{\"@id\":\"https:\/\/qualityoutlet.com\/om-sqo\/#breadcrumb\"},\"inLanguage\":\"en-GB\",\"potentialAction\":[{\"@type\":\"ReadAction\",\"target\":[\"https:\/\/qualityoutlet.com\/om-sqo\/\"]}]},{\"@type\":\"ImageObject\",\"inLanguage\":\"en-GB\",\"@id\":\"https:\/\/qualityoutlet.com\/om-sqo\/#primaryimage\",\"url\":\"https:\/\/qualityoutlet.com\/wp-content\/uploads\/2025\/12\/sqo-front-hero.jpg\",\"contentUrl\":\"https:\/\/qualityoutlet.com\/wp-content\/uploads\/2025\/12\/sqo-front-hero.jpg\",\"width\":1920,\"height\":1305},{\"@type\":\"BreadcrumbList\",\"@id\":\"https:\/\/qualityoutlet.com\/om-sqo\/#breadcrumb\",\"itemListElement\":[{\"@type\":\"ListItem\",\"position\":1,\"name\":\"Hem\",\"item\":\"https:\/\/qualityoutlet.com\/\"},{\"@type\":\"ListItem\",\"position\":2,\"name\":\"Om SQO\"}]},{\"@type\":\"WebSite\",\"@id\":\"https:\/\/qualityoutlet.com\/#website\",\"url\":\"https:\/\/qualityoutlet.com\/\",\"name\":\"Stockholm Quality Outlet\",\"description\":\"\",\"potentialAction\":[{\"@type\":\"SearchAction\",\"target\":{\"@type\":\"EntryPoint\",\"urlTemplate\":\"https:\/\/qualityoutlet.com\/?s={search_term_string}\"},\"query-input\":{\"@type\":\"PropertyValueSpecification\",\"valueRequired\":true,\"valueName\":\"search_term_string\"}}],\"inLanguage\":\"en-GB\"}]}<\/script>","yoast_head_json":{"title":"About Stockholm Quality Outlet - read about SQO","robots":{"index":"index","follow":"follow","max-snippet":"max-snippet:-1","max-image-preview":"max-image-preview:large","max-video-preview":"max-video-preview:-1"},"canonical":"https:\/\/qualityoutlet.com\/en\/wp-json\/wp\/v2\/pages\/320","og_locale":"en_GB","og_type":"article","og_title":"Om Stockholm Quality Outlet - l\u00e4s om SQO","og_description":"\u00a0 Vi \u00e4r en av norra Europas st\u00f6rsta outlets med ca 70 butiker och 200 skandinaviska och internationella varum\u00e4rken. H\u00e4r [&hellip;]","og_url":"https:\/\/qualityoutlet.com\/en\/about-sqo\/","article_modified_time":"2026-04-01T09:37:47+00:00","og_image":[{"width":1920,"height":1305,"url":"https:\/\/qualityoutlet.com\/wp-content\/uploads\/2025\/12\/sqo-front-hero.jpg","type":"image\/jpeg"}],"twitter_card":"summary_large_image","twitter_misc":{"Estimated reading time":"3 minutes"},"schema":{"@context":"https:\/\/schema.org","@graph":[{"@type":"WebPage","@id":"https:\/\/qualityoutlet.com\/om-sqo\/","url":"https:\/\/qualityoutlet.com\/om-sqo\/","name":"About Stockholm Quality Outlet - read about SQO","isPartOf":{"@id":"https:\/\/qualityoutlet.com\/#website"},"primaryImageOfPage":{"@id":"https:\/\/qualityoutlet.com\/om-sqo\/#primaryimage"},"image":{"@id":"https:\/\/qualityoutlet.com\/om-sqo\/#primaryimage"},"thumbnailUrl":"https:\/\/qualityoutlet.com\/wp-content\/uploads\/2025\/12\/sqo-front-hero.jpg","datePublished":"2021-01-27T08:42:27+00:00","dateModified":"2026-04-01T09:37:47+00:00","breadcrumb":{"@id":"https:\/\/qualityoutlet.com\/om-sqo\/#breadcrumb"},"inLanguage":"en-GB","potentialAction":[{"@type":"ReadAction","target":["https:\/\/qualityoutlet.com\/om-sqo\/"]}]},{"@type":"ImageObject","inLanguage":"en-GB","@id":"https:\/\/qualityoutlet.com\/om-sqo\/#primaryimage","url":"https:\/\/qualityoutlet.com\/wp-content\/uploads\/2025\/12\/sqo-front-hero.jpg","contentUrl":"https:\/\/qualityoutlet.com\/wp-content\/uploads\/2025\/12\/sqo-front-hero.jpg","width":1920,"height":1305},{"@type":"BreadcrumbList","@id":"https:\/\/qualityoutlet.com\/om-sqo\/#breadcrumb","itemListElement":[{"@type":"ListItem","position":1,"name":"Hem","item":"https:\/\/qualityoutlet.com\/"},{"@type":"ListItem","position":2,"name":"Om SQO"}]},{"@type":"WebSite","@id":"https:\/\/qualityoutlet.com\/#website","url":"https:\/\/qualityoutlet.com\/","name":"Stockholm Quality Outlet","description":"","potentialAction":[{"@type":"SearchAction","target":{"@type":"EntryPoint","urlTemplate":"https:\/\/qualityoutlet.com\/?s={search_term_string}"},"query-input":{"@type":"PropertyValueSpecification","valueRequired":true,"valueName":"search_term_string"}}],"inLanguage":"en-GB"}]}},"_links":{"self":[{"href":"https:\/\/qualityoutlet.com\/en\/wp-json\/wp\/v2\/pages\/320","targetHints":{"allow":["GET"]}}],"collection":[{"href":"https:\/\/qualityoutlet.com\/en\/wp-json\/wp\/v2\/pages"}],"about":[{"href":"https:\/\/qualityoutlet.com\/en\/wp-json\/wp\/v2\/types\/page"}],"author":[{"embeddable":true,"href":"https:\/\/qualityoutlet.com\/en\/wp-json\/wp\/v2\/users\/4"}],"replies":[{"embeddable":true,"href":"https:\/\/qualityoutlet.com\/en\/wp-json\/wp\/v2\/comments?post=320"}],"version-history":[{"count":35,"href":"https:\/\/qualityoutlet.com\/en\/wp-json\/wp\/v2\/pages\/320\/revisions"}],"predecessor-version":[{"id":24447,"href":"https:\/\/qualityoutlet.com\/en\/wp-json\/wp\/v2\/pages\/320\/revisions\/24447"}],"wp:featuredmedia":[{"embeddable":true,"href":"https:\/\/qualityoutlet.com\/en\/wp-json\/wp\/v2\/media\/23772"}],"wp:attachment":[{"href":"https:\/\/qualityoutlet.com\/en\/wp-json\/wp\/v2\/media?parent=320"}],"curies":[{"name":"wp","href":"https:\/\/api.w.org\/{rel}","templated":true}]}}