{"id":316,"date":"2021-01-27T09:41:24","date_gmt":"2021-01-27T08:41:24","guid":{"rendered":"https:\/\/qualityoutlet.com\/?page_id=316"},"modified":"2026-04-01T08:49:29","modified_gmt":"2026-04-01T08:49:29","slug":"establishment","status":"publish","type":"page","link":"https:\/\/qualityoutlet.com\/en\/establishment\/","title":{"rendered":"Establishment"},"content":{"rendered":"<div data-elementor-type=\"wp-page\" data-elementor-id=\"316\" class=\"elementor elementor-316\" data-elementor-post-type=\"page\">\n\t\t\t\t<div class=\"elementor-element elementor-element-2666e94f e-flex e-con-boxed e-con e-parent\" data-id=\"2666e94f\" data-element_type=\"container\">\n\t\t\t\t\t<div class=\"e-con-inner\">\n\t\t\t\t<div class=\"elementor-element elementor-element-3dc81b04 elementor-widget elementor-widget-breadcrumbs\" data-id=\"3dc81b04\" data-element_type=\"widget\" data-widget_type=\"breadcrumbs.default\">\n\t\t\t\t\t<p id=\"breadcrumbs\"><span><span><a href=\"https:\/\/qualityoutlet.com\/en\/\">Home<\/a><\/span><\/span><\/p>\t\t\t\t<\/div>\n\t\t\t\t\t<\/div>\n\t\t\t\t<\/div>\n\t\t<div class=\"elementor-element elementor-element-75fc7ae3 e-flex e-con-boxed e-con e-parent\" data-id=\"75fc7ae3\" data-element_type=\"container\">\n\t\t\t\t\t<div class=\"e-con-inner\">\n\t\t\t\t<div class=\"elementor-element elementor-element-fc428d2 elementor-widget elementor-widget-heading\" data-id=\"fc428d2\" data-element_type=\"widget\" data-widget_type=\"heading.default\">\n\t\t\t\t\t<h1 class=\"elementor-heading-title elementor-size-default\">Do you want to establish yourself with us?<\/h1>\t\t\t\t<\/div>\n\t\t\t\t<div class=\"elementor-element elementor-element-657336c2 elementor-widget elementor-widget-text-editor\" data-id=\"657336c2\" data-element_type=\"widget\" data-widget_type=\"text-editor.default\">\n\t\t\t\t\t\t\t\t\t\n<p>Are you interested in setting up an outlet store at SQO? Contact us at <strong><a href=\"mailto:hello@qualityoutlet.com\" target=\"_blank\" rel=\"noreferrer noopener\">hello@qualityoutlet.com<\/a>.<\/strong> We receive many enquiries so we appreciate a first contact via email where you tell us what brand you represent, a business presentation and what space you are looking for etc.<\/p>\n\t\t\t\t\t\t\t\t<\/div>\n\t\t\t\t\t<\/div>\n\t\t\t\t<\/div>\n\t\t\t\t<\/div>","protected":false},"excerpt":{"rendered":"<p>Do you want to set up with us? Are you interested in setting up an outlet store at SQO? Contact us at hello@qualityoutlet.com. We [...]<\/p>","protected":false},"author":4,"featured_media":0,"parent":0,"menu_order":0,"comment_status":"closed","ping_status":"closed","template":"","meta":{"site-sidebar-layout":"default","site-content-layout":"","ast-site-content-layout":"default","site-content-style":"default","site-sidebar-style":"default","ast-global-header-display":"","ast-banner-title-visibility":"","ast-main-header-display":"","ast-hfb-above-header-display":"","ast-hfb-below-header-display":"","ast-hfb-mobile-header-display":"","site-post-title":"","ast-breadcrumbs-content":"","ast-featured-img":"","footer-sml-layout":"","ast-disable-related-posts":"","theme-transparent-header-meta":"","adv-header-id-meta":"","stick-header-meta":"","header-above-stick-meta":"","header-main-stick-meta":"","header-below-stick-meta":"","astra-migrate-meta-layouts":"default","ast-page-background-enabled":"default","ast-page-background-meta":{"desktop":{"background-color":"var(--ast-global-color-5)","background-image":"","background-repeat":"repeat","background-position":"center center","background-size":"auto","background-attachment":"scroll","background-type":"","background-media":"","overlay-type":"","overlay-color":"","overlay-opacity":"","overlay-gradient":""},"tablet":{"background-color":"","background-image":"","background-repeat":"repeat","background-position":"center center","background-size":"auto","background-attachment":"scroll","background-type":"","background-media":"","overlay-type":"","overlay-color":"","overlay-opacity":"","overlay-gradient":""},"mobile":{"background-color":"","background-image":"","background-repeat":"repeat","background-position":"center center","background-size":"auto","background-attachment":"scroll","background-type":"","background-media":"","overlay-type":"","overlay-color":"","overlay-opacity":"","overlay-gradient":""}},"ast-content-background-meta":{"desktop":{"background-color":"var(--ast-global-color-4)","background-image":"","background-repeat":"repeat","background-position":"center center","background-size":"auto","background-attachment":"scroll","background-type":"","background-media":"","overlay-type":"","overlay-color":"","overlay-opacity":"","overlay-gradient":""},"tablet":{"background-color":"var(--ast-global-color-4)","background-image":"","background-repeat":"repeat","background-position":"center center","background-size":"auto","background-attachment":"scroll","background-type":"","background-media":"","overlay-type":"","overlay-color":"","overlay-opacity":"","overlay-gradient":""},"mobile":{"background-color":"var(--ast-global-color-4)","background-image":"","background-repeat":"repeat","background-position":"center center","background-size":"auto","background-attachment":"scroll","background-type":"","background-media":"","overlay-type":"","overlay-color":"","overlay-opacity":"","overlay-gradient":""}},"footnotes":""},"class_list":["post-316","page","type-page","status-publish","hentry"],"yoast_head":"<title>Etablering - skicka f\u00f6rfr\u00e5gan om att \u00f6ppna outletbutik<\/title>\n<meta name=\"robots\" content=\"index, follow, max-snippet:-1, max-image-preview:large, max-video-preview:-1\" \/>\n<link rel=\"canonical\" href=\"https:\/\/qualityoutlet.com\/en\/wp-json\/wp\/v2\/pages\/316\" \/>\n<meta property=\"og:locale\" content=\"en_GB\" \/>\n<meta property=\"og:type\" content=\"article\" \/>\n<meta property=\"og:title\" content=\"Etablering - skicka f\u00f6rfr\u00e5gan om att \u00f6ppna outletbutik\" \/>\n<meta property=\"og:description\" content=\"Vill du etablera dig hos oss? \u00c4r du intresserad att etablera en outletbutik p\u00e5 SQO? Kontakta oss p\u00e5 hello@qualityoutlet.com. Vi [&hellip;]\" \/>\n<meta property=\"og:url\" content=\"https:\/\/qualityoutlet.com\/en\/establishment\/\" \/>\n<meta property=\"article:modified_time\" content=\"2026-04-01T08:49:29+00:00\" \/>\n<meta name=\"twitter:card\" content=\"summary_large_image\" \/>\n<meta name=\"twitter:label1\" content=\"Estimated reading time\" \/>\n\t<meta name=\"twitter:data1\" content=\"1 minute\" \/>\n<script type=\"application\/ld+json\" class=\"yoast-schema-graph\">{\"@context\":\"https:\/\/schema.org\",\"@graph\":[{\"@type\":\"WebPage\",\"@id\":\"https:\/\/qualityoutlet.com\/etablering\/\",\"url\":\"https:\/\/qualityoutlet.com\/etablering\/\",\"name\":\"Etablering - skicka f\u00f6rfr\u00e5gan om att \u00f6ppna outletbutik\",\"isPartOf\":{\"@id\":\"https:\/\/qualityoutlet.com\/#website\"},\"datePublished\":\"2021-01-27T08:41:24+00:00\",\"dateModified\":\"2026-04-01T08:49:29+00:00\",\"breadcrumb\":{\"@id\":\"https:\/\/qualityoutlet.com\/etablering\/#breadcrumb\"},\"inLanguage\":\"en-GB\",\"potentialAction\":[{\"@type\":\"ReadAction\",\"target\":[\"https:\/\/qualityoutlet.com\/etablering\/\"]}]},{\"@type\":\"BreadcrumbList\",\"@id\":\"https:\/\/qualityoutlet.com\/etablering\/#breadcrumb\",\"itemListElement\":[{\"@type\":\"ListItem\",\"position\":1,\"name\":\"Hem\",\"item\":\"https:\/\/qualityoutlet.com\/\"},{\"@type\":\"ListItem\",\"position\":2,\"name\":\"Etablering\"}]},{\"@type\":\"WebSite\",\"@id\":\"https:\/\/qualityoutlet.com\/#website\",\"url\":\"https:\/\/qualityoutlet.com\/\",\"name\":\"Stockholm Quality Outlet\",\"description\":\"\",\"potentialAction\":[{\"@type\":\"SearchAction\",\"target\":{\"@type\":\"EntryPoint\",\"urlTemplate\":\"https:\/\/qualityoutlet.com\/?s={search_term_string}\"},\"query-input\":{\"@type\":\"PropertyValueSpecification\",\"valueRequired\":true,\"valueName\":\"search_term_string\"}}],\"inLanguage\":\"en-GB\"}]}<\/script>","yoast_head_json":{"title":"Establishment - send a request to open an outlet store","robots":{"index":"index","follow":"follow","max-snippet":"max-snippet:-1","max-image-preview":"max-image-preview:large","max-video-preview":"max-video-preview:-1"},"canonical":"https:\/\/qualityoutlet.com\/en\/wp-json\/wp\/v2\/pages\/316","og_locale":"en_GB","og_type":"article","og_title":"Etablering - skicka f\u00f6rfr\u00e5gan om att \u00f6ppna outletbutik","og_description":"Vill du etablera dig hos oss? \u00c4r du intresserad att etablera en outletbutik p\u00e5 SQO? Kontakta oss p\u00e5 hello@qualityoutlet.com. Vi [&hellip;]","og_url":"https:\/\/qualityoutlet.com\/en\/establishment\/","article_modified_time":"2026-04-01T08:49:29+00:00","twitter_card":"summary_large_image","twitter_misc":{"Estimated reading time":"1 minute"},"schema":{"@context":"https:\/\/schema.org","@graph":[{"@type":"WebPage","@id":"https:\/\/qualityoutlet.com\/etablering\/","url":"https:\/\/qualityoutlet.com\/etablering\/","name":"Establishment - send a request to open an outlet store","isPartOf":{"@id":"https:\/\/qualityoutlet.com\/#website"},"datePublished":"2021-01-27T08:41:24+00:00","dateModified":"2026-04-01T08:49:29+00:00","breadcrumb":{"@id":"https:\/\/qualityoutlet.com\/etablering\/#breadcrumb"},"inLanguage":"en-GB","potentialAction":[{"@type":"ReadAction","target":["https:\/\/qualityoutlet.com\/etablering\/"]}]},{"@type":"BreadcrumbList","@id":"https:\/\/qualityoutlet.com\/etablering\/#breadcrumb","itemListElement":[{"@type":"ListItem","position":1,"name":"Hem","item":"https:\/\/qualityoutlet.com\/"},{"@type":"ListItem","position":2,"name":"Etablering"}]},{"@type":"WebSite","@id":"https:\/\/qualityoutlet.com\/#website","url":"https:\/\/qualityoutlet.com\/","name":"Stockholm Quality Outlet","description":"","potentialAction":[{"@type":"SearchAction","target":{"@type":"EntryPoint","urlTemplate":"https:\/\/qualityoutlet.com\/?s={search_term_string}"},"query-input":{"@type":"PropertyValueSpecification","valueRequired":true,"valueName":"search_term_string"}}],"inLanguage":"en-GB"}]}},"_links":{"self":[{"href":"https:\/\/qualityoutlet.com\/en\/wp-json\/wp\/v2\/pages\/316","targetHints":{"allow":["GET"]}}],"collection":[{"href":"https:\/\/qualityoutlet.com\/en\/wp-json\/wp\/v2\/pages"}],"about":[{"href":"https:\/\/qualityoutlet.com\/en\/wp-json\/wp\/v2\/types\/page"}],"author":[{"embeddable":true,"href":"https:\/\/qualityoutlet.com\/en\/wp-json\/wp\/v2\/users\/4"}],"replies":[{"embeddable":true,"href":"https:\/\/qualityoutlet.com\/en\/wp-json\/wp\/v2\/comments?post=316"}],"version-history":[{"count":15,"href":"https:\/\/qualityoutlet.com\/en\/wp-json\/wp\/v2\/pages\/316\/revisions"}],"predecessor-version":[{"id":24422,"href":"https:\/\/qualityoutlet.com\/en\/wp-json\/wp\/v2\/pages\/316\/revisions\/24422"}],"wp:attachment":[{"href":"https:\/\/qualityoutlet.com\/en\/wp-json\/wp\/v2\/media?parent=316"}],"curies":[{"name":"wp","href":"https:\/\/api.w.org\/{rel}","templated":true}]}}