{"id":299,"date":"2021-01-26T16:05:22","date_gmt":"2021-01-26T15:05:22","guid":{"rendered":"https:\/\/qualityoutlet.com\/?page_id=299"},"modified":"2026-02-27T08:30:46","modified_gmt":"2026-02-27T08:30:46","slug":"beauty","status":"publish","type":"page","link":"https:\/\/qualityoutlet.com\/en\/lifestyle\/beauty\/","title":{"rendered":"Beauty"},"content":{"rendered":"<div data-elementor-type=\"wp-page\" data-elementor-id=\"299\" class=\"elementor elementor-299\" data-elementor-post-type=\"page\">\n\t\t\t\t<div class=\"elementor-element elementor-element-182fca26 e-flex e-con-boxed e-con e-parent\" data-id=\"182fca26\" data-element_type=\"container\">\n\t\t\t\t\t<div class=\"e-con-inner\">\n\t\t\t\t<div class=\"elementor-element elementor-element-252f08bb elementor-widget elementor-widget-breadcrumbs\" data-id=\"252f08bb\" data-element_type=\"widget\" data-widget_type=\"breadcrumbs.default\">\n\t\t\t\t\t<p id=\"breadcrumbs\"><span><span><a href=\"https:\/\/qualityoutlet.com\/en\/\">Home<\/a><\/span><\/span><\/p>\t\t\t\t<\/div>\n\t\t\t\t\t<\/div>\n\t\t\t\t<\/div>\n\t\t<div class=\"elementor-element elementor-element-8fa916 custom-content-container e-flex e-con-boxed e-con e-parent\" data-id=\"8fa916\" data-element_type=\"container\">\n\t\t\t\t\t<div class=\"e-con-inner\">\n\t\t\t\t<div class=\"elementor-element elementor-element-775ae8ee elementor-widget__width-initial custom-content-txt elementor-widget elementor-widget-text-editor\" data-id=\"775ae8ee\" data-element_type=\"widget\" data-widget_type=\"text-editor.default\">\n\t\t\t\t\t\t\t\t\t\n<h1 class=\"wp-block-heading\">The products that give that cosy feeling<\/h1>\n\n<p>Beauty comes from within, but it can always be enhanced from the outside. Next time you need to stock up on beauty products, do it with us - you'll save 30-70% on your products.<\/p>\n\n<p>Headspot has everything you could possibly need for your hair, and at Home &amp; Cook you can find hair dryers, straighteners, shavers and much more.<\/p>\n\t\t\t\t\t\t\t\t<\/div>\n\t\t\t\t<div class=\"elementor-element elementor-element-4a1dcb30 elementor-widget__width-initial custom-content-img elementor-widget-tablet__width-initial elementor-widget elementor-widget-image\" data-id=\"4a1dcb30\" data-element_type=\"widget\" data-widget_type=\"image.default\">\n\t\t\t\t\t\t\t\t\t\t\t\t\t\t\t<img fetchpriority=\"high\" decoding=\"async\" width=\"1024\" height=\"683\" src=\"https:\/\/qualityoutlet.com\/wp-content\/uploads\/2021\/02\/Headspot_quality_outlet.jpg\" class=\"attachment-1536x1536 size-1536x1536 wp-image-539\" alt=\"\" srcset=\"https:\/\/qualityoutlet.com\/wp-content\/uploads\/2021\/02\/Headspot_quality_outlet.jpg 1024w, https:\/\/qualityoutlet.com\/wp-content\/uploads\/2021\/02\/Headspot_quality_outlet-300x200.jpg 300w, https:\/\/qualityoutlet.com\/wp-content\/uploads\/2021\/02\/Headspot_quality_outlet-768x512.jpg 768w\" sizes=\"(max-width: 1024px) 100vw, 1024px\" \/>\t\t\t\t\t\t\t\t\t\t\t\t\t\t\t<\/div>\n\t\t\t\t\t<\/div>\n\t\t\t\t<\/div>\n\t\t<div class=\"elementor-element elementor-element-6898dee0 custom-deals-container e-flex e-con-boxed e-con e-parent\" data-id=\"6898dee0\" data-element_type=\"container\" data-settings=\"{&quot;background_background&quot;:&quot;classic&quot;}\">\n\t\t\t\t\t<div class=\"e-con-inner\">\n\t\t\t\t<div class=\"elementor-element elementor-element-299b44f1 elementor-widget elementor-widget-heading\" data-id=\"299b44f1\" data-element_type=\"widget\" data-widget_type=\"heading.default\">\n\t\t\t\t\t<h2 class=\"elementor-heading-title elementor-size-default\">Outlet Deals*<\/h2>\t\t\t\t<\/div>\n\t\t\t\t<div class=\"elementor-element elementor-element-5c33611a elementor-widget elementor-widget-sqo_deals\" data-id=\"5c33611a\" data-element_type=\"widget\" data-widget_type=\"sqo_deals.default\">\n\t\t\t\t<div class=\"elementor-widget-container\">\n\t\t\t\t\t<div class=\"sqo-no-deals\" style=\"display: none;\"><\/div>\t\t\t\t<\/div>\n\t\t\t\t<\/div>\n\t\t\t\t<div class=\"elementor-element elementor-element-baf754e elementor-widget__width-initial deals-disclaimer elementor-widget elementor-widget-text-editor\" data-id=\"baf754e\" data-element_type=\"widget\" data-widget_type=\"text-editor.default\">\n\t\t\t\t\t\t\t\t\t<p><span>* <\/span> We reserve the right for any typographical errors and that store offers may run out. The offers displayed in the shop are always the ones that apply.<\/p>\t\t\t\t\t\t\t\t<\/div>\n\t\t\t\t\t<\/div>\n\t\t\t\t<\/div>\n\t\t<div class=\"elementor-element elementor-element-5b27df8d e-flex e-con-boxed e-con e-parent\" data-id=\"5b27df8d\" data-element_type=\"container\">\n\t\t\t\t\t<div class=\"e-con-inner\">\n\t\t\t\t<div class=\"elementor-element elementor-element-c4b536d elementor-widget elementor-widget-heading\" data-id=\"c4b536d\" data-element_type=\"widget\" data-widget_type=\"heading.default\">\n\t\t\t\t\t<h2 class=\"elementor-heading-title elementor-size-default\">Shops.<\/h2>\t\t\t\t<\/div>\n\t\t\t\t<div class=\"elementor-element elementor-element-b3df7d9 elementor-widget elementor-widget-sqo_display\" data-id=\"b3df7d9\" data-element_type=\"widget\" data-widget_type=\"sqo_display.default\">\n\t\t\t\t<div class=\"elementor-widget-container\">\n\t\t\t\t\t        <div class=\"sqo-display-wrapper sqo-display-venues sqo-hover-scale\">\n                    <div class=\"sqo-featured-venues\">\n                            <div class=\"sqo-featured-venue-card\" data-title=\"Headspot\">\n                    <a href=\"https:\/\/qualityoutlet.com\/en\/stores\/headspot\/\" class=\"sqo-featured-link\">\n                        <div class=\"sqo-featured-image\">\n                            <img decoding=\"async\" src=\"https:\/\/qualityoutlet.com\/wp-content\/uploads\/2021\/02\/Headspot_quality_outlet.jpg\" \n                                 alt=\"Headspot\">\n                            \n                                                            <div class=\"sqo-featured-logo\">\n                                    <img decoding=\"async\" src=\"https:\/\/qualityoutlet.com\/wp-content\/uploads\/2021\/02\/headspot_400x400px_svart.svg\" \n                                         alt=\"Headspot logo\">\n                                <\/div>\n                                                    <\/div>\n                    <\/a>\n                <\/div>\n                    <\/div>\n                <div class=\"sqo-grid-container\" style=\"--columns: 6; --columns-tablet: 4; --columns-mobile: 3; --column-gap: 20px; --row-gap: 20px;\">\n                            <div class=\"sqo-grid-item\">\n                            <div class=\"sqo-display-item sqo-venue-item sqo-venue-logo-only\">\n            <a href=\"https:\/\/qualityoutlet.com\/en\/stores\/headspot\/\" title=\"Headspot\">\n                <img decoding=\"async\" src=\"https:\/\/qualityoutlet.com\/wp-content\/uploads\/2021\/02\/headspot_400x400px_svart.svg\" \n                     alt=\"Headspot\"\n                     loading=\"lazy\">\n            <\/a>\n        <\/div>\n                        <\/div>\n                    <\/div>\n                <\/div>\n        \t\t\t\t<\/div>\n\t\t\t\t<\/div>\n\t\t\t\t\t<\/div>\n\t\t\t\t<\/div>\n\t\t\t\t<\/div>","protected":false},"excerpt":{"rendered":"<p>The products that make you feel good Beauty comes from within, but it can always be improved from the outside. Next time [...]<\/p>","protected":false},"author":4,"featured_media":539,"parent":17,"menu_order":0,"comment_status":"closed","ping_status":"closed","template":"","meta":{"site-sidebar-layout":"default","site-content-layout":"","ast-site-content-layout":"default","site-content-style":"default","site-sidebar-style":"default","ast-global-header-display":"","ast-banner-title-visibility":"","ast-main-header-display":"","ast-hfb-above-header-display":"","ast-hfb-below-header-display":"","ast-hfb-mobile-header-display":"","site-post-title":"","ast-breadcrumbs-content":"","ast-featured-img":"","footer-sml-layout":"","ast-disable-related-posts":"","theme-transparent-header-meta":"","adv-header-id-meta":"","stick-header-meta":"","header-above-stick-meta":"","header-main-stick-meta":"","header-below-stick-meta":"","astra-migrate-meta-layouts":"default","ast-page-background-enabled":"default","ast-page-background-meta":{"desktop":{"background-color":"var(--ast-global-color-5)","background-image":"","background-repeat":"repeat","background-position":"center center","background-size":"auto","background-attachment":"scroll","background-type":"","background-media":"","overlay-type":"","overlay-color":"","overlay-opacity":"","overlay-gradient":""},"tablet":{"background-color":"","background-image":"","background-repeat":"repeat","background-position":"center center","background-size":"auto","background-attachment":"scroll","background-type":"","background-media":"","overlay-type":"","overlay-color":"","overlay-opacity":"","overlay-gradient":""},"mobile":{"background-color":"","background-image":"","background-repeat":"repeat","background-position":"center center","background-size":"auto","background-attachment":"scroll","background-type":"","background-media":"","overlay-type":"","overlay-color":"","overlay-opacity":"","overlay-gradient":""}},"ast-content-background-meta":{"desktop":{"background-color":"var(--ast-global-color-4)","background-image":"","background-repeat":"repeat","background-position":"center center","background-size":"auto","background-attachment":"scroll","background-type":"","background-media":"","overlay-type":"","overlay-color":"","overlay-opacity":"","overlay-gradient":""},"tablet":{"background-color":"var(--ast-global-color-4)","background-image":"","background-repeat":"repeat","background-position":"center center","background-size":"auto","background-attachment":"scroll","background-type":"","background-media":"","overlay-type":"","overlay-color":"","overlay-opacity":"","overlay-gradient":""},"mobile":{"background-color":"var(--ast-global-color-4)","background-image":"","background-repeat":"repeat","background-position":"center center","background-size":"auto","background-attachment":"scroll","background-type":"","background-media":"","overlay-type":"","overlay-color":"","overlay-opacity":"","overlay-gradient":""}},"footnotes":""},"class_list":["post-299","page","type-page","status-publish","has-post-thumbnail","hentry"],"yoast_head":"<title>Sk\u00f6nhet - Fris\u00f6r och h\u00e5rv\u00e5rd till Outletpriser hos SQO<\/title>\n<meta name=\"description\" content=\"Uppt\u00e4ck professionella h\u00e5rv\u00e5rdsprodukter och verktyg till outletpriser. F\u00e5 salongskvalitet hemma. Handla nu hos Stockholm Quality Outlet!\" \/>\n<meta name=\"robots\" content=\"index, follow, max-snippet:-1, max-image-preview:large, max-video-preview:-1\" \/>\n<link rel=\"canonical\" href=\"https:\/\/qualityoutlet.com\/en\/wp-json\/wp\/v2\/pages\/299\" \/>\n<meta property=\"og:locale\" content=\"en_GB\" \/>\n<meta property=\"og:type\" content=\"article\" \/>\n<meta property=\"og:title\" content=\"Sk\u00f6nhet - Fris\u00f6r och h\u00e5rv\u00e5rd till Outletpriser hos SQO\" \/>\n<meta property=\"og:description\" content=\"Uppt\u00e4ck professionella h\u00e5rv\u00e5rdsprodukter och verktyg till outletpriser. F\u00e5 salongskvalitet hemma. Handla nu hos Stockholm Quality Outlet!\" \/>\n<meta property=\"og:url\" content=\"https:\/\/qualityoutlet.com\/en\/lifestyle\/beauty\/\" \/>\n<meta property=\"article:modified_time\" content=\"2026-02-27T08:30:46+00:00\" \/>\n<meta property=\"og:image\" content=\"https:\/\/qualityoutlet.com\/wp-content\/uploads\/2021\/02\/Headspot_quality_outlet.jpg\" \/>\n\t<meta property=\"og:image:width\" content=\"1024\" \/>\n\t<meta property=\"og:image:height\" content=\"683\" \/>\n\t<meta property=\"og:image:type\" content=\"image\/jpeg\" \/>\n<meta name=\"twitter:card\" content=\"summary_large_image\" \/>\n<meta name=\"twitter:label1\" content=\"Estimated reading time\" \/>\n\t<meta name=\"twitter:data1\" content=\"2 minutes\" \/>\n<script type=\"application\/ld+json\" class=\"yoast-schema-graph\">{\"@context\":\"https:\/\/schema.org\",\"@graph\":[{\"@type\":\"WebPage\",\"@id\":\"https:\/\/qualityoutlet.com\/livsstil\/skonhet\/\",\"url\":\"https:\/\/qualityoutlet.com\/livsstil\/skonhet\/\",\"name\":\"Sk\u00f6nhet - Fris\u00f6r och h\u00e5rv\u00e5rd till Outletpriser hos SQO\",\"isPartOf\":{\"@id\":\"https:\/\/qualityoutlet.com\/#website\"},\"primaryImageOfPage\":{\"@id\":\"https:\/\/qualityoutlet.com\/livsstil\/skonhet\/#primaryimage\"},\"image\":{\"@id\":\"https:\/\/qualityoutlet.com\/livsstil\/skonhet\/#primaryimage\"},\"thumbnailUrl\":\"https:\/\/qualityoutlet.com\/wp-content\/uploads\/2021\/02\/Headspot_quality_outlet.jpg\",\"datePublished\":\"2021-01-26T15:05:22+00:00\",\"dateModified\":\"2026-02-27T08:30:46+00:00\",\"description\":\"Uppt\u00e4ck professionella h\u00e5rv\u00e5rdsprodukter och verktyg till outletpriser. F\u00e5 salongskvalitet hemma. Handla nu hos Stockholm Quality Outlet!\",\"breadcrumb\":{\"@id\":\"https:\/\/qualityoutlet.com\/livsstil\/skonhet\/#breadcrumb\"},\"inLanguage\":\"en-GB\",\"potentialAction\":[{\"@type\":\"ReadAction\",\"target\":[\"https:\/\/qualityoutlet.com\/livsstil\/skonhet\/\"]}]},{\"@type\":\"ImageObject\",\"inLanguage\":\"en-GB\",\"@id\":\"https:\/\/qualityoutlet.com\/livsstil\/skonhet\/#primaryimage\",\"url\":\"https:\/\/qualityoutlet.com\/wp-content\/uploads\/2021\/02\/Headspot_quality_outlet.jpg\",\"contentUrl\":\"https:\/\/qualityoutlet.com\/wp-content\/uploads\/2021\/02\/Headspot_quality_outlet.jpg\",\"width\":1024,\"height\":683},{\"@type\":\"BreadcrumbList\",\"@id\":\"https:\/\/qualityoutlet.com\/livsstil\/skonhet\/#breadcrumb\",\"itemListElement\":[{\"@type\":\"ListItem\",\"position\":1,\"name\":\"Hem\",\"item\":\"https:\/\/qualityoutlet.com\/\"},{\"@type\":\"ListItem\",\"position\":2,\"name\":\"Livsstil\",\"item\":\"https:\/\/qualityoutlet.com\/livsstil\/\"},{\"@type\":\"ListItem\",\"position\":3,\"name\":\"Sk\u00f6nhet\"}]},{\"@type\":\"WebSite\",\"@id\":\"https:\/\/qualityoutlet.com\/#website\",\"url\":\"https:\/\/qualityoutlet.com\/\",\"name\":\"Stockholm Quality Outlet\",\"description\":\"\",\"potentialAction\":[{\"@type\":\"SearchAction\",\"target\":{\"@type\":\"EntryPoint\",\"urlTemplate\":\"https:\/\/qualityoutlet.com\/?s={search_term_string}\"},\"query-input\":{\"@type\":\"PropertyValueSpecification\",\"valueRequired\":true,\"valueName\":\"search_term_string\"}}],\"inLanguage\":\"en-GB\"}]}<\/script>","yoast_head_json":{"title":"Beauty - Hairdressing and hair care at Outlet prices at SQO","description":"Discover professional hair care products and tools at outlet prices. Get salon quality at home. Shop now at Stockholm Quality Outlet!","robots":{"index":"index","follow":"follow","max-snippet":"max-snippet:-1","max-image-preview":"max-image-preview:large","max-video-preview":"max-video-preview:-1"},"canonical":"https:\/\/qualityoutlet.com\/en\/wp-json\/wp\/v2\/pages\/299","og_locale":"en_GB","og_type":"article","og_title":"Sk\u00f6nhet - Fris\u00f6r och h\u00e5rv\u00e5rd till Outletpriser hos SQO","og_description":"Uppt\u00e4ck professionella h\u00e5rv\u00e5rdsprodukter och verktyg till outletpriser. F\u00e5 salongskvalitet hemma. Handla nu hos Stockholm Quality Outlet!","og_url":"https:\/\/qualityoutlet.com\/en\/lifestyle\/beauty\/","article_modified_time":"2026-02-27T08:30:46+00:00","og_image":[{"width":1024,"height":683,"url":"https:\/\/qualityoutlet.com\/wp-content\/uploads\/2021\/02\/Headspot_quality_outlet.jpg","type":"image\/jpeg"}],"twitter_card":"summary_large_image","twitter_misc":{"Estimated reading time":"2 minutes"},"schema":{"@context":"https:\/\/schema.org","@graph":[{"@type":"WebPage","@id":"https:\/\/qualityoutlet.com\/livsstil\/skonhet\/","url":"https:\/\/qualityoutlet.com\/livsstil\/skonhet\/","name":"Beauty - Hairdressing and hair care at Outlet prices at SQO","isPartOf":{"@id":"https:\/\/qualityoutlet.com\/#website"},"primaryImageOfPage":{"@id":"https:\/\/qualityoutlet.com\/livsstil\/skonhet\/#primaryimage"},"image":{"@id":"https:\/\/qualityoutlet.com\/livsstil\/skonhet\/#primaryimage"},"thumbnailUrl":"https:\/\/qualityoutlet.com\/wp-content\/uploads\/2021\/02\/Headspot_quality_outlet.jpg","datePublished":"2021-01-26T15:05:22+00:00","dateModified":"2026-02-27T08:30:46+00:00","description":"Discover professional hair care products and tools at outlet prices. Get salon quality at home. Shop now at Stockholm Quality Outlet!","breadcrumb":{"@id":"https:\/\/qualityoutlet.com\/livsstil\/skonhet\/#breadcrumb"},"inLanguage":"en-GB","potentialAction":[{"@type":"ReadAction","target":["https:\/\/qualityoutlet.com\/livsstil\/skonhet\/"]}]},{"@type":"ImageObject","inLanguage":"en-GB","@id":"https:\/\/qualityoutlet.com\/livsstil\/skonhet\/#primaryimage","url":"https:\/\/qualityoutlet.com\/wp-content\/uploads\/2021\/02\/Headspot_quality_outlet.jpg","contentUrl":"https:\/\/qualityoutlet.com\/wp-content\/uploads\/2021\/02\/Headspot_quality_outlet.jpg","width":1024,"height":683},{"@type":"BreadcrumbList","@id":"https:\/\/qualityoutlet.com\/livsstil\/skonhet\/#breadcrumb","itemListElement":[{"@type":"ListItem","position":1,"name":"Hem","item":"https:\/\/qualityoutlet.com\/"},{"@type":"ListItem","position":2,"name":"Livsstil","item":"https:\/\/qualityoutlet.com\/livsstil\/"},{"@type":"ListItem","position":3,"name":"Sk\u00f6nhet"}]},{"@type":"WebSite","@id":"https:\/\/qualityoutlet.com\/#website","url":"https:\/\/qualityoutlet.com\/","name":"Stockholm Quality Outlet","description":"","potentialAction":[{"@type":"SearchAction","target":{"@type":"EntryPoint","urlTemplate":"https:\/\/qualityoutlet.com\/?s={search_term_string}"},"query-input":{"@type":"PropertyValueSpecification","valueRequired":true,"valueName":"search_term_string"}}],"inLanguage":"en-GB"}]}},"_links":{"self":[{"href":"https:\/\/qualityoutlet.com\/en\/wp-json\/wp\/v2\/pages\/299","targetHints":{"allow":["GET"]}}],"collection":[{"href":"https:\/\/qualityoutlet.com\/en\/wp-json\/wp\/v2\/pages"}],"about":[{"href":"https:\/\/qualityoutlet.com\/en\/wp-json\/wp\/v2\/types\/page"}],"author":[{"embeddable":true,"href":"https:\/\/qualityoutlet.com\/en\/wp-json\/wp\/v2\/users\/4"}],"replies":[{"embeddable":true,"href":"https:\/\/qualityoutlet.com\/en\/wp-json\/wp\/v2\/comments?post=299"}],"version-history":[{"count":24,"href":"https:\/\/qualityoutlet.com\/en\/wp-json\/wp\/v2\/pages\/299\/revisions"}],"predecessor-version":[{"id":20549,"href":"https:\/\/qualityoutlet.com\/en\/wp-json\/wp\/v2\/pages\/299\/revisions\/20549"}],"up":[{"embeddable":true,"href":"https:\/\/qualityoutlet.com\/en\/wp-json\/wp\/v2\/pages\/17"}],"wp:featuredmedia":[{"embeddable":true,"href":"https:\/\/qualityoutlet.com\/en\/wp-json\/wp\/v2\/media\/539"}],"wp:attachment":[{"href":"https:\/\/qualityoutlet.com\/en\/wp-json\/wp\/v2\/media?parent=299"}],"curies":[{"name":"wp","href":"https:\/\/api.w.org\/{rel}","templated":true}]}}