{"id":272,"date":"2021-01-21T09:59:37","date_gmt":"2021-01-21T08:59:37","guid":{"rendered":"https:\/\/qualityoutlet.com\/?page_id=272"},"modified":"2026-01-23T07:54:52","modified_gmt":"2026-01-23T07:54:52","slug":"parking","status":"publish","type":"page","link":"https:\/\/qualityoutlet.com\/en\/visit\/parking\/","title":{"rendered":"Parking"},"content":{"rendered":"<div data-elementor-type=\"wp-page\" data-elementor-id=\"272\" class=\"elementor elementor-272\" data-elementor-post-type=\"page\">\n\t\t\t\t<div class=\"elementor-element elementor-element-3fa42e55 e-flex e-con-boxed e-con e-parent\" data-id=\"3fa42e55\" data-element_type=\"container\">\n\t\t\t\t\t<div class=\"e-con-inner\">\n\t\t\t\t<div class=\"elementor-element elementor-element-2bc5c7d8 elementor-widget elementor-widget-breadcrumbs\" data-id=\"2bc5c7d8\" data-element_type=\"widget\" data-widget_type=\"breadcrumbs.default\">\n\t\t\t\t\t<p id=\"breadcrumbs\"><span><span><a href=\"https:\/\/qualityoutlet.com\/en\/\">Home<\/a><\/span><\/span><\/p>\t\t\t\t<\/div>\n\t\t\t\t\t<\/div>\n\t\t\t\t<\/div>\n\t\t<div class=\"elementor-element elementor-element-1156ce11 e-flex e-con-boxed e-con e-parent\" data-id=\"1156ce11\" data-element_type=\"container\">\n\t\t\t\t\t<div class=\"e-con-inner\">\n\t\t\t\t<div class=\"elementor-element elementor-element-157e08fd elementor-widget__width-initial elementor-widget elementor-widget-text-editor\" data-id=\"157e08fd\" data-element_type=\"widget\" data-widget_type=\"text-editor.default\">\n\t\t\t\t\t\t\t\t\t<p><\/p>\n<p>We offer 3 hours free parking. Register your arrival in the EasyPark or Apcoa Flow app. There are over 1100 parking spaces in three large car parks - choose between P-East, P-West and P-South.<\/p>\n<p><\/p>\n<h2 class=\"wp-block-heading\"><img decoding=\"async\" class=\"wp-image-4513\" style=\"width: 40px;\" src=\"https:\/\/qualityoutlet.com\/wp-content\/uploads\/2023\/02\/p-electric.png\" alt=\"\"><\/h2>\n<p><\/p>\n<h2 class=\"wp-block-heading\">Charge your electric car<\/h2>\n<p><\/p>\n<p>We have a total of twenty electric car chargers. These can be found at P-West and P-South. Eways is the supplier of the charging stations.<\/p>\n<p><\/p>\n<p><\/p>\n<h2 class=\"wp-block-heading\"><img decoding=\"async\" class=\"wp-image-4514\" style=\"width: 40px;\" src=\"https:\/\/qualityoutlet.com\/wp-content\/uploads\/2023\/02\/p.png\" alt=\"\"><\/h2>\n<p><\/p>\n<h2 class=\"wp-block-heading\">Car park map<\/h2>\n<p><\/p>\n<figure class=\"wp-block-image size-large is-style-default\"><img decoding=\"async\" class=\"wp-image-14127\" src=\"https:\/\/qualityoutlet.com\/wp-content\/uploads\/2024\/09\/Karta.SQO-sep24.svg\" alt=\"\"><\/figure>\n<p><\/p>\n<p><\/p>\n<h2 class=\"wp-block-heading\"><img decoding=\"async\" class=\"wp-image-4512\" style=\"width: 40px;\" src=\"https:\/\/qualityoutlet.com\/wp-content\/uploads\/2023\/02\/bus.png\" alt=\"\"><\/h2>\n<p><\/p>\n<h2 class=\"wp-block-heading\">For tour operators<\/h2>\n<p><\/p>\n<p>The area has three large car parks - choose between P-East, P-West and P-South. Bus parking is available along the front of P-West.<\/p>\n<p><\/p>\t\t\t\t\t\t\t\t<\/div>\n\t\t\t\t\t<\/div>\n\t\t\t\t<\/div>\n\t\t\t\t<\/div>","protected":false},"excerpt":{"rendered":"<p>We offer 3 hours free parking. Register your arrival in the EasyPark or Apcoa Flow app. There are over 1100 parking spaces [...]<\/p>","protected":false},"author":4,"featured_media":0,"parent":19,"menu_order":3,"comment_status":"closed","ping_status":"closed","template":"","meta":{"site-sidebar-layout":"default","site-content-layout":"","ast-site-content-layout":"default","site-content-style":"default","site-sidebar-style":"default","ast-global-header-display":"","ast-banner-title-visibility":"","ast-main-header-display":"","ast-hfb-above-header-display":"","ast-hfb-below-header-display":"","ast-hfb-mobile-header-display":"","site-post-title":"","ast-breadcrumbs-content":"","ast-featured-img":"","footer-sml-layout":"","ast-disable-related-posts":"","theme-transparent-header-meta":"","adv-header-id-meta":"","stick-header-meta":"","header-above-stick-meta":"","header-main-stick-meta":"","header-below-stick-meta":"","astra-migrate-meta-layouts":"default","ast-page-background-enabled":"default","ast-page-background-meta":{"desktop":{"background-color":"var(--ast-global-color-5)","background-image":"","background-repeat":"repeat","background-position":"center center","background-size":"auto","background-attachment":"scroll","background-type":"","background-media":"","overlay-type":"","overlay-color":"","overlay-opacity":"","overlay-gradient":""},"tablet":{"background-color":"","background-image":"","background-repeat":"repeat","background-position":"center center","background-size":"auto","background-attachment":"scroll","background-type":"","background-media":"","overlay-type":"","overlay-color":"","overlay-opacity":"","overlay-gradient":""},"mobile":{"background-color":"","background-image":"","background-repeat":"repeat","background-position":"center center","background-size":"auto","background-attachment":"scroll","background-type":"","background-media":"","overlay-type":"","overlay-color":"","overlay-opacity":"","overlay-gradient":""}},"ast-content-background-meta":{"desktop":{"background-color":"var(--ast-global-color-4)","background-image":"","background-repeat":"repeat","background-position":"center center","background-size":"auto","background-attachment":"scroll","background-type":"","background-media":"","overlay-type":"","overlay-color":"","overlay-opacity":"","overlay-gradient":""},"tablet":{"background-color":"var(--ast-global-color-4)","background-image":"","background-repeat":"repeat","background-position":"center center","background-size":"auto","background-attachment":"scroll","background-type":"","background-media":"","overlay-type":"","overlay-color":"","overlay-opacity":"","overlay-gradient":""},"mobile":{"background-color":"var(--ast-global-color-4)","background-image":"","background-repeat":"repeat","background-position":"center center","background-size":"auto","background-attachment":"scroll","background-type":"","background-media":"","overlay-type":"","overlay-color":"","overlay-opacity":"","overlay-gradient":""}},"footnotes":""},"class_list":["post-272","page","type-page","status-publish","hentry"],"yoast_head":"<title>Parkering - s\u00e5 parkerar du hos Stockholm Quality Outlet<\/title>\n<meta name=\"description\" content=\"Det \u00e4r enkelt att parkera hos oss. Vi har tre stora parkeringsplatser med 4 timmar gratis parkering. Du kan \u00e4ven ladda din elbil h\u00e4r.\" \/>\n<meta name=\"robots\" content=\"index, follow, max-snippet:-1, max-image-preview:large, max-video-preview:-1\" \/>\n<link rel=\"canonical\" href=\"https:\/\/qualityoutlet.com\/en\/wp-json\/wp\/v2\/pages\/272\" \/>\n<meta property=\"og:locale\" content=\"en_GB\" \/>\n<meta property=\"og:type\" content=\"article\" \/>\n<meta property=\"og:title\" content=\"Parkering - s\u00e5 parkerar du hos Stockholm Quality Outlet\" \/>\n<meta property=\"og:description\" content=\"Det \u00e4r enkelt att parkera hos oss. Vi har tre stora parkeringsplatser med 4 timmar gratis parkering. Du kan \u00e4ven ladda din elbil h\u00e4r.\" \/>\n<meta property=\"og:url\" content=\"https:\/\/qualityoutlet.com\/en\/visit\/parking\/\" \/>\n<meta property=\"article:modified_time\" content=\"2026-01-23T07:54:52+00:00\" \/>\n<meta property=\"og:image\" content=\"https:\/\/qualityoutlet.com\/wp-content\/uploads\/2023\/02\/p-electric.png\" \/>\n<meta name=\"twitter:card\" content=\"summary_large_image\" \/>\n<meta name=\"twitter:label1\" content=\"Estimated reading time\" \/>\n\t<meta name=\"twitter:data1\" content=\"2 minutes\" \/>\n<script type=\"application\/ld+json\" class=\"yoast-schema-graph\">{\"@context\":\"https:\/\/schema.org\",\"@graph\":[{\"@type\":\"WebPage\",\"@id\":\"https:\/\/qualityoutlet.com\/besok\/parkering\/\",\"url\":\"https:\/\/qualityoutlet.com\/besok\/parkering\/\",\"name\":\"Parkering - s\u00e5 parkerar du hos Stockholm Quality Outlet\",\"isPartOf\":{\"@id\":\"https:\/\/qualityoutlet.com\/#website\"},\"primaryImageOfPage\":{\"@id\":\"https:\/\/qualityoutlet.com\/besok\/parkering\/#primaryimage\"},\"image\":{\"@id\":\"https:\/\/qualityoutlet.com\/besok\/parkering\/#primaryimage\"},\"thumbnailUrl\":\"https:\/\/qualityoutlet.com\/wp-content\/uploads\/2023\/02\/p-electric.png\",\"datePublished\":\"2021-01-21T08:59:37+00:00\",\"dateModified\":\"2026-01-23T07:54:52+00:00\",\"description\":\"Det \u00e4r enkelt att parkera hos oss. Vi har tre stora parkeringsplatser med 4 timmar gratis parkering. Du kan \u00e4ven ladda din elbil h\u00e4r.\",\"breadcrumb\":{\"@id\":\"https:\/\/qualityoutlet.com\/besok\/parkering\/#breadcrumb\"},\"inLanguage\":\"en-GB\",\"potentialAction\":[{\"@type\":\"ReadAction\",\"target\":[\"https:\/\/qualityoutlet.com\/besok\/parkering\/\"]}]},{\"@type\":\"ImageObject\",\"inLanguage\":\"en-GB\",\"@id\":\"https:\/\/qualityoutlet.com\/besok\/parkering\/#primaryimage\",\"url\":\"https:\/\/qualityoutlet.com\/wp-content\/uploads\/2023\/02\/p-electric.png\",\"contentUrl\":\"https:\/\/qualityoutlet.com\/wp-content\/uploads\/2023\/02\/p-electric.png\"},{\"@type\":\"BreadcrumbList\",\"@id\":\"https:\/\/qualityoutlet.com\/besok\/parkering\/#breadcrumb\",\"itemListElement\":[{\"@type\":\"ListItem\",\"position\":1,\"name\":\"Hem\",\"item\":\"https:\/\/qualityoutlet.com\/\"},{\"@type\":\"ListItem\",\"position\":2,\"name\":\"Bes\u00f6k\",\"item\":\"https:\/\/qualityoutlet.com\/besok\/\"},{\"@type\":\"ListItem\",\"position\":3,\"name\":\"Parkering\"}]},{\"@type\":\"WebSite\",\"@id\":\"https:\/\/qualityoutlet.com\/#website\",\"url\":\"https:\/\/qualityoutlet.com\/\",\"name\":\"Stockholm Quality Outlet\",\"description\":\"\",\"potentialAction\":[{\"@type\":\"SearchAction\",\"target\":{\"@type\":\"EntryPoint\",\"urlTemplate\":\"https:\/\/qualityoutlet.com\/?s={search_term_string}\"},\"query-input\":{\"@type\":\"PropertyValueSpecification\",\"valueRequired\":true,\"valueName\":\"search_term_string\"}}],\"inLanguage\":\"en-GB\"}]}<\/script>","yoast_head_json":{"title":"Parking - how to park at Stockholm Quality Outlet","description":"Parking with us is easy. We have three large car parks with 4 hours free parking. You can also charge your electric car here.","robots":{"index":"index","follow":"follow","max-snippet":"max-snippet:-1","max-image-preview":"max-image-preview:large","max-video-preview":"max-video-preview:-1"},"canonical":"https:\/\/qualityoutlet.com\/en\/wp-json\/wp\/v2\/pages\/272","og_locale":"en_GB","og_type":"article","og_title":"Parkering - s\u00e5 parkerar du hos Stockholm Quality Outlet","og_description":"Det \u00e4r enkelt att parkera hos oss. Vi har tre stora parkeringsplatser med 4 timmar gratis parkering. Du kan \u00e4ven ladda din elbil h\u00e4r.","og_url":"https:\/\/qualityoutlet.com\/en\/visit\/parking\/","article_modified_time":"2026-01-23T07:54:52+00:00","og_image":[{"url":"https:\/\/qualityoutlet.com\/wp-content\/uploads\/2023\/02\/p-electric.png","type":"","width":"","height":""}],"twitter_card":"summary_large_image","twitter_misc":{"Estimated reading time":"2 minutes"},"schema":{"@context":"https:\/\/schema.org","@graph":[{"@type":"WebPage","@id":"https:\/\/qualityoutlet.com\/besok\/parkering\/","url":"https:\/\/qualityoutlet.com\/besok\/parkering\/","name":"Parking - how to park at Stockholm Quality Outlet","isPartOf":{"@id":"https:\/\/qualityoutlet.com\/#website"},"primaryImageOfPage":{"@id":"https:\/\/qualityoutlet.com\/besok\/parkering\/#primaryimage"},"image":{"@id":"https:\/\/qualityoutlet.com\/besok\/parkering\/#primaryimage"},"thumbnailUrl":"https:\/\/qualityoutlet.com\/wp-content\/uploads\/2023\/02\/p-electric.png","datePublished":"2021-01-21T08:59:37+00:00","dateModified":"2026-01-23T07:54:52+00:00","description":"Parking with us is easy. We have three large car parks with 4 hours free parking. You can also charge your electric car here.","breadcrumb":{"@id":"https:\/\/qualityoutlet.com\/besok\/parkering\/#breadcrumb"},"inLanguage":"en-GB","potentialAction":[{"@type":"ReadAction","target":["https:\/\/qualityoutlet.com\/besok\/parkering\/"]}]},{"@type":"ImageObject","inLanguage":"en-GB","@id":"https:\/\/qualityoutlet.com\/besok\/parkering\/#primaryimage","url":"https:\/\/qualityoutlet.com\/wp-content\/uploads\/2023\/02\/p-electric.png","contentUrl":"https:\/\/qualityoutlet.com\/wp-content\/uploads\/2023\/02\/p-electric.png"},{"@type":"BreadcrumbList","@id":"https:\/\/qualityoutlet.com\/besok\/parkering\/#breadcrumb","itemListElement":[{"@type":"ListItem","position":1,"name":"Hem","item":"https:\/\/qualityoutlet.com\/"},{"@type":"ListItem","position":2,"name":"Bes\u00f6k","item":"https:\/\/qualityoutlet.com\/besok\/"},{"@type":"ListItem","position":3,"name":"Parkering"}]},{"@type":"WebSite","@id":"https:\/\/qualityoutlet.com\/#website","url":"https:\/\/qualityoutlet.com\/","name":"Stockholm Quality Outlet","description":"","potentialAction":[{"@type":"SearchAction","target":{"@type":"EntryPoint","urlTemplate":"https:\/\/qualityoutlet.com\/?s={search_term_string}"},"query-input":{"@type":"PropertyValueSpecification","valueRequired":true,"valueName":"search_term_string"}}],"inLanguage":"en-GB"}]}},"_links":{"self":[{"href":"https:\/\/qualityoutlet.com\/en\/wp-json\/wp\/v2\/pages\/272","targetHints":{"allow":["GET"]}}],"collection":[{"href":"https:\/\/qualityoutlet.com\/en\/wp-json\/wp\/v2\/pages"}],"about":[{"href":"https:\/\/qualityoutlet.com\/en\/wp-json\/wp\/v2\/types\/page"}],"author":[{"embeddable":true,"href":"https:\/\/qualityoutlet.com\/en\/wp-json\/wp\/v2\/users\/4"}],"replies":[{"embeddable":true,"href":"https:\/\/qualityoutlet.com\/en\/wp-json\/wp\/v2\/comments?post=272"}],"version-history":[{"count":33,"href":"https:\/\/qualityoutlet.com\/en\/wp-json\/wp\/v2\/pages\/272\/revisions"}],"predecessor-version":[{"id":23955,"href":"https:\/\/qualityoutlet.com\/en\/wp-json\/wp\/v2\/pages\/272\/revisions\/23955"}],"up":[{"embeddable":true,"href":"https:\/\/qualityoutlet.com\/en\/wp-json\/wp\/v2\/pages\/19"}],"wp:attachment":[{"href":"https:\/\/qualityoutlet.com\/en\/wp-json\/wp\/v2\/media?parent=272"}],"curies":[{"name":"wp","href":"https:\/\/api.w.org\/{rel}","templated":true}]}}