{"id":19847,"date":"2025-11-24T12:54:18","date_gmt":"2025-11-24T12:54:18","guid":{"rendered":"https:\/\/dev.qualityoutlet.advisoryhosting.se\/?page_id=19847"},"modified":"2026-02-27T08:31:09","modified_gmt":"2026-02-27T08:31:09","slug":"tax-free","status":"publish","type":"page","link":"https:\/\/qualityoutlet.com\/en\/tax-free\/","title":{"rendered":"VAT free"},"content":{"rendered":"<div data-elementor-type=\"wp-page\" data-elementor-id=\"19847\" class=\"elementor elementor-19847\" data-elementor-post-type=\"page\">\n\t\t\t\t<div class=\"elementor-element elementor-element-50cfeffb e-flex e-con-boxed e-con e-parent\" data-id=\"50cfeffb\" data-element_type=\"container\">\n\t\t\t\t\t<div class=\"e-con-inner\">\n\t\t\t\t<div class=\"elementor-element elementor-element-d613d8d elementor-widget elementor-widget-heading\" data-id=\"d613d8d\" data-element_type=\"widget\" data-widget_type=\"heading.default\">\n\t\t\t\t\t<h1 class=\"elementor-heading-title elementor-size-default\">VAT free.<\/h1>\t\t\t\t<\/div>\n\t\t\t\t<div class=\"elementor-element elementor-element-5f24e95c elementor-widget elementor-widget-text-editor\" data-id=\"5f24e95c\" data-element_type=\"widget\" data-widget_type=\"text-editor.default\">\n\t\t\t\t\t\t\t\t\t\n<p><strong>Tax Free Shopping at SQO<\/strong> If you live outside the European Union, you can get a refund of up to 19 % of the value added tax (VAT) you paid on your purchases in Sweden. This tax is included in the price in our shops. If you spend more than SEK 200 at Stockholm Quality Outlet, you can apply for a tax refund.<\/p>\n\n<p><strong>How to shop duty free<\/strong> Are you a non-EU resident? Then you can save up to 19 % on your purchases here. To reclaim the VAT when you bring the goods home, follow the simple steps below.<\/p>\n\n<p><strong>Get it<\/strong> Go shopping! When you are at the checkout, remember to ask the staff for a Tax Free form. Our shops are free to use any tax free provider they want. Most use Global Blue, but some have Planet Payment or other providers.<\/p>\n\n<p><strong>Stamp it<\/strong> When you leave the country to go home or continue your journey, make sure to have your Tax Free form stamped by the Global Blue refund office, an agent or by customs. This must be done in the last EU country* of your journey. Be prepared to show the following for inspection:<\/p>\n\n<p>- Passport - Original receipt - Tax Free form - Unused goods in original condition<\/p>\n\n<p><strong>Cash it<\/strong> Finally, show your stamped Tax Free form and passport of the tax free supplier you use. You can have the refund deposited on your credit card or paid out in cash.<\/p>\n\n<p>For more information, see for example <a href=\"http:\/\/www.globalblue.com\/\" target=\"_blank\" rel=\"noreferrer noopener\">www.globalblue.com<\/a>, <a href=\"http:\/\/www.planetpayment.com\/en\/shoppers\" target=\"_blank\" rel=\"noreferrer noopener\">www.planetpayment.com\/en\/shoppers<\/a> or other supplier.<\/p>\t\t\t\t\t\t\t\t<\/div>\n\t\t\t\t\t<\/div>\n\t\t\t\t<\/div>\n\t\t\t\t<\/div>","protected":false},"excerpt":{"rendered":"<p>VAT free. Tax Free Shopping at SQO If you live outside the European Union, you can get back up to 19 %<\/p>","protected":false},"author":1,"featured_media":0,"parent":0,"menu_order":0,"comment_status":"closed","ping_status":"closed","template":"","meta":{"site-sidebar-layout":"default","site-content-layout":"","ast-site-content-layout":"default","site-content-style":"default","site-sidebar-style":"default","ast-global-header-display":"","ast-banner-title-visibility":"","ast-main-header-display":"","ast-hfb-above-header-display":"","ast-hfb-below-header-display":"","ast-hfb-mobile-header-display":"","site-post-title":"","ast-breadcrumbs-content":"","ast-featured-img":"","footer-sml-layout":"","ast-disable-related-posts":"","theme-transparent-header-meta":"default","adv-header-id-meta":"","stick-header-meta":"default","header-above-stick-meta":"","header-main-stick-meta":"","header-below-stick-meta":"","astra-migrate-meta-layouts":"set","ast-page-background-enabled":"default","ast-page-background-meta":{"desktop":{"background-color":"var(--ast-global-color-5)","background-image":"","background-repeat":"repeat","background-position":"center center","background-size":"auto","background-attachment":"scroll","background-type":"","background-media":"","overlay-type":"","overlay-color":"","overlay-opacity":"","overlay-gradient":""},"tablet":{"background-color":"","background-image":"","background-repeat":"repeat","background-position":"center center","background-size":"auto","background-attachment":"scroll","background-type":"","background-media":"","overlay-type":"","overlay-color":"","overlay-opacity":"","overlay-gradient":""},"mobile":{"background-color":"","background-image":"","background-repeat":"repeat","background-position":"center center","background-size":"auto","background-attachment":"scroll","background-type":"","background-media":"","overlay-type":"","overlay-color":"","overlay-opacity":"","overlay-gradient":""}},"ast-content-background-meta":{"desktop":{"background-color":"var(--ast-global-color-4)","background-image":"","background-repeat":"repeat","background-position":"center center","background-size":"auto","background-attachment":"scroll","background-type":"","background-media":"","overlay-type":"","overlay-color":"","overlay-opacity":"","overlay-gradient":""},"tablet":{"background-color":"var(--ast-global-color-4)","background-image":"","background-repeat":"repeat","background-position":"center center","background-size":"auto","background-attachment":"scroll","background-type":"","background-media":"","overlay-type":"","overlay-color":"","overlay-opacity":"","overlay-gradient":""},"mobile":{"background-color":"var(--ast-global-color-4)","background-image":"","background-repeat":"repeat","background-position":"center center","background-size":"auto","background-attachment":"scroll","background-type":"","background-media":"","overlay-type":"","overlay-color":"","overlay-opacity":"","overlay-gradient":""}},"footnotes":""},"class_list":["post-19847","page","type-page","status-publish","hentry"],"yoast_head":"<title>Momsfritt - f\u00f6r dig som bor utanf\u00f6r Europeiska Unionen (EU)<\/title>\n<meta name=\"robots\" content=\"index, follow, max-snippet:-1, max-image-preview:large, max-video-preview:-1\" \/>\n<link rel=\"canonical\" href=\"https:\/\/qualityoutlet.com\/en\/wp-json\/wp\/v2\/pages\/19847\" \/>\n<meta property=\"og:locale\" content=\"en_GB\" \/>\n<meta property=\"og:type\" content=\"article\" \/>\n<meta property=\"og:title\" content=\"Momsfritt - f\u00f6r dig som bor utanf\u00f6r Europeiska Unionen (EU)\" \/>\n<meta property=\"og:description\" content=\"Momsfritt. Tax Free Shopping p\u00e5 SQO Om du bor utanf\u00f6r Europeiska unionen kan du f\u00e5 tillbaka upp till 19 % [&hellip;]\" \/>\n<meta property=\"og:url\" content=\"https:\/\/qualityoutlet.com\/en\/tax-free\/\" \/>\n<meta property=\"article:modified_time\" content=\"2026-02-27T08:31:09+00:00\" \/>\n<meta name=\"twitter:card\" content=\"summary_large_image\" \/>\n<meta name=\"twitter:label1\" content=\"Estimated reading time\" \/>\n\t<meta name=\"twitter:data1\" content=\"2 minutes\" \/>\n<script type=\"application\/ld+json\" class=\"yoast-schema-graph\">{\"@context\":\"https:\/\/schema.org\",\"@graph\":[{\"@type\":\"WebPage\",\"@id\":\"https:\/\/qualityoutlet.com\/momsfritt\/\",\"url\":\"https:\/\/qualityoutlet.com\/momsfritt\/\",\"name\":\"Momsfritt - f\u00f6r dig som bor utanf\u00f6r Europeiska Unionen (EU)\",\"isPartOf\":{\"@id\":\"https:\/\/qualityoutlet.com\/#website\"},\"datePublished\":\"2025-11-24T12:54:18+00:00\",\"dateModified\":\"2026-02-27T08:31:09+00:00\",\"breadcrumb\":{\"@id\":\"https:\/\/qualityoutlet.com\/momsfritt\/#breadcrumb\"},\"inLanguage\":\"en-GB\",\"potentialAction\":[{\"@type\":\"ReadAction\",\"target\":[\"https:\/\/qualityoutlet.com\/momsfritt\/\"]}]},{\"@type\":\"BreadcrumbList\",\"@id\":\"https:\/\/qualityoutlet.com\/momsfritt\/#breadcrumb\",\"itemListElement\":[{\"@type\":\"ListItem\",\"position\":1,\"name\":\"Hem\",\"item\":\"https:\/\/qualityoutlet.com\/\"},{\"@type\":\"ListItem\",\"position\":2,\"name\":\"Momsfritt\"}]},{\"@type\":\"WebSite\",\"@id\":\"https:\/\/qualityoutlet.com\/#website\",\"url\":\"https:\/\/qualityoutlet.com\/\",\"name\":\"Stockholm Quality Outlet\",\"description\":\"\",\"potentialAction\":[{\"@type\":\"SearchAction\",\"target\":{\"@type\":\"EntryPoint\",\"urlTemplate\":\"https:\/\/qualityoutlet.com\/?s={search_term_string}\"},\"query-input\":{\"@type\":\"PropertyValueSpecification\",\"valueRequired\":true,\"valueName\":\"search_term_string\"}}],\"inLanguage\":\"en-GB\"}]}<\/script>","yoast_head_json":{"title":"VAT-free - for people living outside the European Union (EU)","robots":{"index":"index","follow":"follow","max-snippet":"max-snippet:-1","max-image-preview":"max-image-preview:large","max-video-preview":"max-video-preview:-1"},"canonical":"https:\/\/qualityoutlet.com\/en\/wp-json\/wp\/v2\/pages\/19847","og_locale":"en_GB","og_type":"article","og_title":"Momsfritt - f\u00f6r dig som bor utanf\u00f6r Europeiska Unionen (EU)","og_description":"Momsfritt. Tax Free Shopping p\u00e5 SQO Om du bor utanf\u00f6r Europeiska unionen kan du f\u00e5 tillbaka upp till 19 % [&hellip;]","og_url":"https:\/\/qualityoutlet.com\/en\/tax-free\/","article_modified_time":"2026-02-27T08:31:09+00:00","twitter_card":"summary_large_image","twitter_misc":{"Estimated reading time":"2 minutes"},"schema":{"@context":"https:\/\/schema.org","@graph":[{"@type":"WebPage","@id":"https:\/\/qualityoutlet.com\/momsfritt\/","url":"https:\/\/qualityoutlet.com\/momsfritt\/","name":"VAT-free - for people living outside the European Union (EU)","isPartOf":{"@id":"https:\/\/qualityoutlet.com\/#website"},"datePublished":"2025-11-24T12:54:18+00:00","dateModified":"2026-02-27T08:31:09+00:00","breadcrumb":{"@id":"https:\/\/qualityoutlet.com\/momsfritt\/#breadcrumb"},"inLanguage":"en-GB","potentialAction":[{"@type":"ReadAction","target":["https:\/\/qualityoutlet.com\/momsfritt\/"]}]},{"@type":"BreadcrumbList","@id":"https:\/\/qualityoutlet.com\/momsfritt\/#breadcrumb","itemListElement":[{"@type":"ListItem","position":1,"name":"Hem","item":"https:\/\/qualityoutlet.com\/"},{"@type":"ListItem","position":2,"name":"Momsfritt"}]},{"@type":"WebSite","@id":"https:\/\/qualityoutlet.com\/#website","url":"https:\/\/qualityoutlet.com\/","name":"Stockholm Quality Outlet","description":"","potentialAction":[{"@type":"SearchAction","target":{"@type":"EntryPoint","urlTemplate":"https:\/\/qualityoutlet.com\/?s={search_term_string}"},"query-input":{"@type":"PropertyValueSpecification","valueRequired":true,"valueName":"search_term_string"}}],"inLanguage":"en-GB"}]}},"_links":{"self":[{"href":"https:\/\/qualityoutlet.com\/en\/wp-json\/wp\/v2\/pages\/19847","targetHints":{"allow":["GET"]}}],"collection":[{"href":"https:\/\/qualityoutlet.com\/en\/wp-json\/wp\/v2\/pages"}],"about":[{"href":"https:\/\/qualityoutlet.com\/en\/wp-json\/wp\/v2\/types\/page"}],"author":[{"embeddable":true,"href":"https:\/\/qualityoutlet.com\/en\/wp-json\/wp\/v2\/users\/1"}],"replies":[{"embeddable":true,"href":"https:\/\/qualityoutlet.com\/en\/wp-json\/wp\/v2\/comments?post=19847"}],"version-history":[{"count":11,"href":"https:\/\/qualityoutlet.com\/en\/wp-json\/wp\/v2\/pages\/19847\/revisions"}],"predecessor-version":[{"id":24232,"href":"https:\/\/qualityoutlet.com\/en\/wp-json\/wp\/v2\/pages\/19847\/revisions\/24232"}],"wp:attachment":[{"href":"https:\/\/qualityoutlet.com\/en\/wp-json\/wp\/v2\/media?parent=19847"}],"curies":[{"name":"wp","href":"https:\/\/api.w.org\/{rel}","templated":true}]}}