{"id":19,"date":"2020-12-03T10:39:59","date_gmt":"2020-12-03T09:39:59","guid":{"rendered":"https:\/\/qualityoutlet.com\/?page_id=14"},"modified":"2025-12-02T07:11:47","modified_gmt":"2025-12-02T07:11:47","slug":"visit","status":"publish","type":"page","link":"https:\/\/qualityoutlet.com\/en\/visit\/","title":{"rendered":"Visit"},"content":{"rendered":"<div data-elementor-type=\"wp-page\" data-elementor-id=\"19\" class=\"elementor elementor-19\" data-elementor-post-type=\"page\">\n\t\t\t\t<div class=\"elementor-element elementor-element-273f51d7 e-flex e-con-boxed e-con e-parent\" data-id=\"273f51d7\" data-element_type=\"container\">\n\t\t\t\t\t<div class=\"e-con-inner\">\n\t\t\t\t<div class=\"elementor-element elementor-element-1ad38ab8 elementor-widget elementor-widget-breadcrumbs\" data-id=\"1ad38ab8\" data-element_type=\"widget\" data-widget_type=\"breadcrumbs.default\">\n\t\t\t\t\t<p id=\"breadcrumbs\"><span><span><a href=\"https:\/\/qualityoutlet.com\/en\/\">Home<\/a><\/span><\/span><\/p>\t\t\t\t<\/div>\n\t\t\t\t\t<\/div>\n\t\t\t\t<\/div>\n\t\t<div class=\"elementor-element elementor-element-343af76b custom-content-container e-flex e-con-boxed e-con e-parent\" data-id=\"343af76b\" data-element_type=\"container\">\n\t\t\t\t\t<div class=\"e-con-inner\">\n\t\t\t\t<div class=\"elementor-element elementor-element-48700058 elementor-widget__width-initial custom-content-txt elementor-widget elementor-widget-text-editor\" data-id=\"48700058\" data-element_type=\"widget\" data-widget_type=\"text-editor.default\">\n\t\t\t\t\t\t\t\t\t<h1>Good to know before your visit<\/h1><p><!-- \/wp:heading --><!-- wp:paragraph --><\/p><p>You can always contact us before your visit. Below we have tried to summarise the most important things for you to know before your visit.<\/p><p><!-- \/wp:paragraph --><\/p><p>One of our strengths is that we have a collection of the most recognised brands. You can find a list of <strong><a href=\"\/en\/visit\/brands\/\">all brands here<\/a><\/strong>. Once you are here, we have a <strong><a href=\"\/en\/visit\/visitor-map\/\">visitor map<\/a><\/strong> so that you can take advantage of the full range.<\/p><p>Also take the opportunity to sign up for our <strong><a href=\"\/en\/visit\/newsletter\/\">newsletter<\/a><\/strong> so you don't miss out on the extra fun things happening with us.<\/p>\t\t\t\t\t\t\t\t<\/div>\n\t\t\t\t\t<\/div>\n\t\t\t\t<\/div>\n\t\t\t\t<\/div>","protected":false},"excerpt":{"rendered":"<p>Good to know before your visit You can always contact us before your visit. Below you will find [...]<\/p>","protected":false},"author":4,"featured_media":0,"parent":0,"menu_order":0,"comment_status":"closed","ping_status":"closed","template":"","meta":{"site-sidebar-layout":"no-sidebar","site-content-layout":"","ast-site-content-layout":"full-width-container","site-content-style":"default","site-sidebar-style":"default","ast-global-header-display":"","ast-banner-title-visibility":"","ast-main-header-display":"","ast-hfb-above-header-display":"","ast-hfb-below-header-display":"","ast-hfb-mobile-header-display":"","site-post-title":"disabled","ast-breadcrumbs-content":"","ast-featured-img":"disabled","footer-sml-layout":"","ast-disable-related-posts":"","theme-transparent-header-meta":"","adv-header-id-meta":"","stick-header-meta":"","header-above-stick-meta":"","header-main-stick-meta":"","header-below-stick-meta":"","astra-migrate-meta-layouts":"default","ast-page-background-enabled":"default","ast-page-background-meta":{"desktop":{"background-color":"var(--ast-global-color-5)","background-image":"","background-repeat":"repeat","background-position":"center center","background-size":"auto","background-attachment":"scroll","background-type":"","background-media":"","overlay-type":"","overlay-color":"","overlay-opacity":"","overlay-gradient":""},"tablet":{"background-color":"","background-image":"","background-repeat":"repeat","background-position":"center center","background-size":"auto","background-attachment":"scroll","background-type":"","background-media":"","overlay-type":"","overlay-color":"","overlay-opacity":"","overlay-gradient":""},"mobile":{"background-color":"","background-image":"","background-repeat":"repeat","background-position":"center center","background-size":"auto","background-attachment":"scroll","background-type":"","background-media":"","overlay-type":"","overlay-color":"","overlay-opacity":"","overlay-gradient":""}},"ast-content-background-meta":{"desktop":{"background-color":"var(--ast-global-color-4)","background-image":"","background-repeat":"repeat","background-position":"center center","background-size":"auto","background-attachment":"scroll","background-type":"","background-media":"","overlay-type":"","overlay-color":"","overlay-opacity":"","overlay-gradient":""},"tablet":{"background-color":"var(--ast-global-color-4)","background-image":"","background-repeat":"repeat","background-position":"center center","background-size":"auto","background-attachment":"scroll","background-type":"","background-media":"","overlay-type":"","overlay-color":"","overlay-opacity":"","overlay-gradient":""},"mobile":{"background-color":"var(--ast-global-color-4)","background-image":"","background-repeat":"repeat","background-position":"center center","background-size":"auto","background-attachment":"scroll","background-type":"","background-media":"","overlay-type":"","overlay-color":"","overlay-opacity":"","overlay-gradient":""}},"footnotes":""},"class_list":["post-19","page","type-page","status-publish","hentry"],"yoast_head":"<title>Bra att k\u00e4nna till inf\u00f6r bes\u00f6ket - Stockholm Quality Outlet<\/title>\n<meta name=\"robots\" content=\"index, follow, max-snippet:-1, max-image-preview:large, max-video-preview:-1\" \/>\n<link rel=\"canonical\" href=\"https:\/\/qualityoutlet.com\/en\/wp-json\/wp\/v2\/pages\/19\" \/>\n<meta property=\"og:locale\" content=\"en_GB\" \/>\n<meta property=\"og:type\" content=\"article\" \/>\n<meta property=\"og:title\" content=\"Bra att k\u00e4nna till inf\u00f6r bes\u00f6ket - Stockholm Quality Outlet\" \/>\n<meta property=\"og:description\" content=\"Bra att k\u00e4nna till inf\u00f6r ditt bes\u00f6k Du kan alltid h\u00f6ra av dig till oss inf\u00f6r ditt bes\u00f6k. Nedan har [&hellip;]\" \/>\n<meta property=\"og:url\" content=\"https:\/\/qualityoutlet.com\/en\/visit\/\" \/>\n<meta property=\"article:modified_time\" content=\"2025-12-02T07:11:47+00:00\" \/>\n<meta name=\"twitter:card\" content=\"summary_large_image\" \/>\n<meta name=\"twitter:label1\" content=\"Estimated reading time\" \/>\n\t<meta name=\"twitter:data1\" content=\"1 minute\" \/>\n<script type=\"application\/ld+json\" class=\"yoast-schema-graph\">{\"@context\":\"https:\/\/schema.org\",\"@graph\":[{\"@type\":\"WebPage\",\"@id\":\"https:\/\/qualityoutlet.com\/besok\/\",\"url\":\"https:\/\/qualityoutlet.com\/besok\/\",\"name\":\"Bra att k\u00e4nna till inf\u00f6r bes\u00f6ket - Stockholm Quality Outlet\",\"isPartOf\":{\"@id\":\"https:\/\/qualityoutlet.com\/#website\"},\"datePublished\":\"2020-12-03T09:39:59+00:00\",\"dateModified\":\"2025-12-02T07:11:47+00:00\",\"breadcrumb\":{\"@id\":\"https:\/\/qualityoutlet.com\/besok\/#breadcrumb\"},\"inLanguage\":\"en-GB\",\"potentialAction\":[{\"@type\":\"ReadAction\",\"target\":[\"https:\/\/qualityoutlet.com\/besok\/\"]}]},{\"@type\":\"BreadcrumbList\",\"@id\":\"https:\/\/qualityoutlet.com\/besok\/#breadcrumb\",\"itemListElement\":[{\"@type\":\"ListItem\",\"position\":1,\"name\":\"Hem\",\"item\":\"https:\/\/qualityoutlet.com\/\"},{\"@type\":\"ListItem\",\"position\":2,\"name\":\"Bes\u00f6k\"}]},{\"@type\":\"WebSite\",\"@id\":\"https:\/\/qualityoutlet.com\/#website\",\"url\":\"https:\/\/qualityoutlet.com\/\",\"name\":\"Stockholm Quality Outlet\",\"description\":\"\",\"potentialAction\":[{\"@type\":\"SearchAction\",\"target\":{\"@type\":\"EntryPoint\",\"urlTemplate\":\"https:\/\/qualityoutlet.com\/?s={search_term_string}\"},\"query-input\":{\"@type\":\"PropertyValueSpecification\",\"valueRequired\":true,\"valueName\":\"search_term_string\"}}],\"inLanguage\":\"en-GB\"}]}<\/script>","yoast_head_json":{"title":"Good to know before your visit - Stockholm Quality Outlet","robots":{"index":"index","follow":"follow","max-snippet":"max-snippet:-1","max-image-preview":"max-image-preview:large","max-video-preview":"max-video-preview:-1"},"canonical":"https:\/\/qualityoutlet.com\/en\/wp-json\/wp\/v2\/pages\/19","og_locale":"en_GB","og_type":"article","og_title":"Bra att k\u00e4nna till inf\u00f6r bes\u00f6ket - Stockholm Quality Outlet","og_description":"Bra att k\u00e4nna till inf\u00f6r ditt bes\u00f6k Du kan alltid h\u00f6ra av dig till oss inf\u00f6r ditt bes\u00f6k. Nedan har [&hellip;]","og_url":"https:\/\/qualityoutlet.com\/en\/visit\/","article_modified_time":"2025-12-02T07:11:47+00:00","twitter_card":"summary_large_image","twitter_misc":{"Estimated reading time":"1 minute"},"schema":{"@context":"https:\/\/schema.org","@graph":[{"@type":"WebPage","@id":"https:\/\/qualityoutlet.com\/besok\/","url":"https:\/\/qualityoutlet.com\/besok\/","name":"Good to know before your visit - Stockholm Quality Outlet","isPartOf":{"@id":"https:\/\/qualityoutlet.com\/#website"},"datePublished":"2020-12-03T09:39:59+00:00","dateModified":"2025-12-02T07:11:47+00:00","breadcrumb":{"@id":"https:\/\/qualityoutlet.com\/besok\/#breadcrumb"},"inLanguage":"en-GB","potentialAction":[{"@type":"ReadAction","target":["https:\/\/qualityoutlet.com\/besok\/"]}]},{"@type":"BreadcrumbList","@id":"https:\/\/qualityoutlet.com\/besok\/#breadcrumb","itemListElement":[{"@type":"ListItem","position":1,"name":"Hem","item":"https:\/\/qualityoutlet.com\/"},{"@type":"ListItem","position":2,"name":"Bes\u00f6k"}]},{"@type":"WebSite","@id":"https:\/\/qualityoutlet.com\/#website","url":"https:\/\/qualityoutlet.com\/","name":"Stockholm Quality Outlet","description":"","potentialAction":[{"@type":"SearchAction","target":{"@type":"EntryPoint","urlTemplate":"https:\/\/qualityoutlet.com\/?s={search_term_string}"},"query-input":{"@type":"PropertyValueSpecification","valueRequired":true,"valueName":"search_term_string"}}],"inLanguage":"en-GB"}]}},"_links":{"self":[{"href":"https:\/\/qualityoutlet.com\/en\/wp-json\/wp\/v2\/pages\/19","targetHints":{"allow":["GET"]}}],"collection":[{"href":"https:\/\/qualityoutlet.com\/en\/wp-json\/wp\/v2\/pages"}],"about":[{"href":"https:\/\/qualityoutlet.com\/en\/wp-json\/wp\/v2\/types\/page"}],"author":[{"embeddable":true,"href":"https:\/\/qualityoutlet.com\/en\/wp-json\/wp\/v2\/users\/4"}],"replies":[{"embeddable":true,"href":"https:\/\/qualityoutlet.com\/en\/wp-json\/wp\/v2\/comments?post=19"}],"version-history":[{"count":10,"href":"https:\/\/qualityoutlet.com\/en\/wp-json\/wp\/v2\/pages\/19\/revisions"}],"predecessor-version":[{"id":20190,"href":"https:\/\/qualityoutlet.com\/en\/wp-json\/wp\/v2\/pages\/19\/revisions\/20190"}],"wp:attachment":[{"href":"https:\/\/qualityoutlet.com\/en\/wp-json\/wp\/v2\/media?parent=19"}],"curies":[{"name":"wp","href":"https:\/\/api.w.org\/{rel}","templated":true}]}}