{"id":10938,"date":"2023-06-01T13:35:30","date_gmt":"2023-06-01T11:35:30","guid":{"rendered":"https:\/\/qualityoutlet.com\/?page_id=10938"},"modified":"2025-12-23T21:34:15","modified_gmt":"2025-12-23T21:34:15","slug":"newsletter","status":"publish","type":"page","link":"https:\/\/qualityoutlet.com\/en\/visit\/newsletter\/","title":{"rendered":"Don't miss our newsletter!"},"content":{"rendered":"<div data-elementor-type=\"wp-page\" data-elementor-id=\"10938\" class=\"elementor elementor-10938\" data-elementor-post-type=\"page\">\n\t\t\t\t<div class=\"elementor-element elementor-element-7465acbf e-flex e-con-boxed e-con e-parent\" data-id=\"7465acbf\" data-element_type=\"container\">\n\t\t\t\t\t<div class=\"e-con-inner\">\n\t\t\t\t<div class=\"elementor-element elementor-element-a0bff10 elementor-widget elementor-widget-breadcrumbs\" data-id=\"a0bff10\" data-element_type=\"widget\" data-widget_type=\"breadcrumbs.default\">\n\t\t\t\t\t<p id=\"breadcrumbs\"><span><span><a href=\"https:\/\/qualityoutlet.com\/en\/\">Home<\/a><\/span><\/span><\/p>\t\t\t\t<\/div>\n\t\t\t\t\t<\/div>\n\t\t\t\t<\/div>\n\t\t<div class=\"elementor-element elementor-element-1ea2fa7 e-flex e-con-boxed e-con e-parent\" data-id=\"1ea2fa7\" data-element_type=\"container\">\n\t\t\t\t\t<div class=\"e-con-inner\">\n\t\t\t\t\t<\/div>\n\t\t\t\t<\/div>\n\t\t<div class=\"elementor-element elementor-element-b90745f e-flex e-con-boxed e-con e-parent\" data-id=\"b90745f\" data-element_type=\"container\">\n\t\t\t\t\t<div class=\"e-con-inner\">\n\t\t\t\t<div class=\"elementor-element elementor-element-5629839 elementor-widget__width-initial elementor-widget elementor-widget-image\" data-id=\"5629839\" data-element_type=\"widget\" data-widget_type=\"image.default\">\n\t\t\t\t\t\t\t\t\t\t\t\t\t\t\t<img fetchpriority=\"high\" decoding=\"async\" width=\"768\" height=\"1024\" src=\"https:\/\/qualityoutlet.com\/wp-content\/uploads\/2023\/07\/SQO-2-tjejer-shoppar-pa-High-Street-2-scaled-1-768x1024.jpg\" class=\"attachment-large size-large wp-image-11205\" alt=\"\" srcset=\"https:\/\/qualityoutlet.com\/wp-content\/uploads\/2023\/07\/SQO-2-tjejer-shoppar-pa-High-Street-2-scaled-1-768x1024.jpg 768w, https:\/\/qualityoutlet.com\/wp-content\/uploads\/2023\/07\/SQO-2-tjejer-shoppar-pa-High-Street-2-scaled-1-225x300.jpg 225w, https:\/\/qualityoutlet.com\/wp-content\/uploads\/2023\/07\/SQO-2-tjejer-shoppar-pa-High-Street-2-scaled-1-1152x1536.jpg 1152w, https:\/\/qualityoutlet.com\/wp-content\/uploads\/2023\/07\/SQO-2-tjejer-shoppar-pa-High-Street-2-scaled-1-1536x2048.jpg 1536w, https:\/\/qualityoutlet.com\/wp-content\/uploads\/2023\/07\/SQO-2-tjejer-shoppar-pa-High-Street-2-scaled-1.jpg 1920w\" sizes=\"(max-width: 768px) 100vw, 768px\" \/>\t\t\t\t\t\t\t\t\t\t\t\t\t\t\t<\/div>\n\t\t<div class=\"elementor-element elementor-element-2e7028c e-con-full e-flex e-con e-child\" data-id=\"2e7028c\" data-element_type=\"container\">\n\t\t\t\t<div class=\"elementor-element elementor-element-1043d6b8 elementor-widget-mobile__width-initial elementor-widget elementor-widget-text-editor\" data-id=\"1043d6b8\" data-element_type=\"widget\" data-widget_type=\"text-editor.default\">\n\t\t\t\t\t\t\t\t\t\n<p>Become our friend - and subscribe to our Friends of SQO newsletter! We'll let you know when there's something special happening with us, such as current outlet deals, offers and information about new stores opening.<br \/>What are you waiting for?<\/p>\n\t\t\t\t\t\t\t\t<\/div>\n\t\t\t\t<div class=\"elementor-element elementor-element-a7583fe elementor-button-align-start elementor-widget__width-inherit elementor-widget elementor-widget-form\" data-id=\"a7583fe\" data-element_type=\"widget\" data-settings=\"{&quot;step_next_label&quot;:&quot;N\\u00e4sta&quot;,&quot;step_previous_label&quot;:&quot;F\\u00f6reg\\u00e5ende&quot;,&quot;button_width&quot;:&quot;100&quot;,&quot;step_type&quot;:&quot;number_text&quot;,&quot;step_icon_shape&quot;:&quot;circle&quot;}\" data-widget_type=\"form.default\">\n\t\t\t\t\t\t\t<form class=\"elementor-form\" method=\"post\" id=\"getresponse_email_form\" name=\"Getresponse-email-form\" aria-label=\"Getresponse-email-form\" action=\"\">\n\t\t\t<input type=\"hidden\" name=\"post_id\" value=\"10938\"\/>\n\t\t\t<input type=\"hidden\" name=\"form_id\" value=\"a7583fe\"\/>\n\t\t\t<input type=\"hidden\" name=\"referer_title\" value=\"Missa inte v\u00e5rt nyhetsbrev! \u2013 Stockholm Quality Outlet\" \/>\n\n\t\t\t\t\t\t\t<input type=\"hidden\" name=\"queried_id\" value=\"10938\"\/>\n\t\t\t\n\t\t\t<div class=\"elementor-form-fields-wrapper elementor-labels-\">\n\t\t\t\t\t\t\t\t<div class=\"elementor-field-type-email elementor-field-group elementor-column elementor-field-group-email elementor-col-50 elementor-md-100 elementor-field-required\">\n\t\t\t\t\t\t\t\t\t\t\t\t<label for=\"form-field-email\" class=\"elementor-field-label elementor-screen-only\">\n\t\t\t\t\t\t\t\tE-mail address\t\t\t\t\t\t\t<\/label>\n\t\t\t\t\t\t\t\t\t\t\t\t\t\t<input size=\"1\" type=\"email\" name=\"form_fields[email]\" id=\"form-field-email\" class=\"elementor-field elementor-size-xl  elementor-field-textual\" placeholder=\"Fill in your e-mail address\" required=\"required\">\n\t\t\t\t\t\t\t\t\t\t\t<\/div>\n\t\t\t\t\t\t\t\t<div class=\"elementor-field-type-html elementor-field-group elementor-column elementor-field-group-field_03d0ffd elementor-col-100\">\n\t\t\t\t\t<div style=\"border-bottom:1px solid lightgray;padding-top:12px;margin-bottom:12px;\"><\/div>\t\t\t\t<\/div>\n\t\t\t\t\t\t\t\t<div class=\"elementor-field-type-acceptance elementor-field-group elementor-column elementor-field-group-field_174ff6b elementor-col-100 elementor-md-100 elementor-field-required\">\n\t\t\t\t\t\t\t\t\t\t\t\t<label for=\"form-field-field_174ff6b\" class=\"elementor-field-label elementor-screen-only\">\n\t\t\t\t\t\t\t\tPolicy\t\t\t\t\t\t\t<\/label>\n\t\t\t\t\t\t\t\t<div class=\"elementor-field-subgroup\">\n\t\t\t<span class=\"elementor-field-option\">\n\t\t\t\t<input type=\"checkbox\" name=\"form_fields[field_174ff6b]\" id=\"form-field-field_174ff6b\" class=\"elementor-field elementor-size-xl  elementor-acceptance-field\" required=\"required\">\n\t\t\t\t<label for=\"form-field-field_174ff6b\">Click in the box to accept our <a href=\"\/en\/privacy-policy\/\">privacy policy<\/a><\/label>\t\t\t<\/span>\n\t\t<\/div>\n\t\t\t\t\t\t<\/div>\n\t\t\t\t\t\t\t\t<div class=\"elementor-field-group elementor-column elementor-field-type-submit elementor-col-100 e-form__buttons\">\n\t\t\t\t\t<button class=\"elementor-button elementor-size-sm\" type=\"submit\">\n\t\t\t\t\t\t<span class=\"elementor-button-content-wrapper\">\n\t\t\t\t\t\t\t\t\t\t\t\t\t\t\t\t\t\t\t\t\t\t<span class=\"elementor-button-text\">Submit<\/span>\n\t\t\t\t\t\t\t\t\t\t\t\t\t<\/span>\n\t\t\t\t\t<\/button>\n\t\t\t\t<\/div>\n\t\t\t<\/div>\n\t\t<input type=\"hidden\" name=\"trp-form-language\" value=\"en\"\/><\/form>\n\t\t\t\t\t\t<\/div>\n\t\t\t\t<\/div>\n\t\t\t\t\t<\/div>\n\t\t\t\t<\/div>\n\t\t\t\t<\/div>","protected":false},"excerpt":{"rendered":"<p>Become a friend - and subscribe to our Friends of SQO newsletter! We'll let you know when something happens [...]<\/p>","protected":false},"author":4,"featured_media":11205,"parent":19,"menu_order":0,"comment_status":"closed","ping_status":"closed","template":"","meta":{"site-sidebar-layout":"default","site-content-layout":"","ast-site-content-layout":"default","site-content-style":"default","site-sidebar-style":"default","ast-global-header-display":"","ast-banner-title-visibility":"","ast-main-header-display":"","ast-hfb-above-header-display":"","ast-hfb-below-header-display":"","ast-hfb-mobile-header-display":"","site-post-title":"","ast-breadcrumbs-content":"","ast-featured-img":"","footer-sml-layout":"","ast-disable-related-posts":"","theme-transparent-header-meta":"","adv-header-id-meta":"","stick-header-meta":"","header-above-stick-meta":"","header-main-stick-meta":"","header-below-stick-meta":"","astra-migrate-meta-layouts":"default","ast-page-background-enabled":"default","ast-page-background-meta":{"desktop":{"background-color":"var(--ast-global-color-5)","background-image":"","background-repeat":"repeat","background-position":"center center","background-size":"auto","background-attachment":"scroll","background-type":"","background-media":"","overlay-type":"","overlay-color":"","overlay-opacity":"","overlay-gradient":""},"tablet":{"background-color":"","background-image":"","background-repeat":"repeat","background-position":"center center","background-size":"auto","background-attachment":"scroll","background-type":"","background-media":"","overlay-type":"","overlay-color":"","overlay-opacity":"","overlay-gradient":""},"mobile":{"background-color":"","background-image":"","background-repeat":"repeat","background-position":"center center","background-size":"auto","background-attachment":"scroll","background-type":"","background-media":"","overlay-type":"","overlay-color":"","overlay-opacity":"","overlay-gradient":""}},"ast-content-background-meta":{"desktop":{"background-color":"var(--ast-global-color-4)","background-image":"","background-repeat":"repeat","background-position":"center center","background-size":"auto","background-attachment":"scroll","background-type":"","background-media":"","overlay-type":"","overlay-color":"","overlay-opacity":"","overlay-gradient":""},"tablet":{"background-color":"var(--ast-global-color-4)","background-image":"","background-repeat":"repeat","background-position":"center center","background-size":"auto","background-attachment":"scroll","background-type":"","background-media":"","overlay-type":"","overlay-color":"","overlay-opacity":"","overlay-gradient":""},"mobile":{"background-color":"var(--ast-global-color-4)","background-image":"","background-repeat":"repeat","background-position":"center center","background-size":"auto","background-attachment":"scroll","background-type":"","background-media":"","overlay-type":"","overlay-color":"","overlay-opacity":"","overlay-gradient":""}},"footnotes":""},"class_list":["post-10938","page","type-page","status-publish","has-post-thumbnail","hentry"],"yoast_head":"<title>Missa inte v\u00e5rt nyhetsbrev! \u2013 Stockholm Quality Outlet<\/title>\n<meta name=\"description\" content=\"Missa inget nytt! Prenumerera p\u00e5 v\u00e5rt nyhetsbrev f\u00f6r att ta del av de b\u00e4sta dealsen, nya butiker och massa annat skoj.\" \/>\n<meta name=\"robots\" content=\"index, follow, max-snippet:-1, max-image-preview:large, max-video-preview:-1\" \/>\n<link rel=\"canonical\" href=\"https:\/\/qualityoutlet.com\/en\/wp-json\/wp\/v2\/pages\/10938\" \/>\n<meta property=\"og:locale\" content=\"en_GB\" \/>\n<meta property=\"og:type\" content=\"article\" \/>\n<meta property=\"og:title\" content=\"Missa inte v\u00e5rt nyhetsbrev! \u2013 Stockholm Quality Outlet\" \/>\n<meta property=\"og:description\" content=\"Missa inget nytt! Prenumerera p\u00e5 v\u00e5rt nyhetsbrev f\u00f6r att ta del av de b\u00e4sta dealsen, nya butiker och massa annat skoj.\" \/>\n<meta property=\"og:url\" content=\"https:\/\/qualityoutlet.com\/en\/visit\/newsletter\/\" \/>\n<meta property=\"article:modified_time\" content=\"2025-12-23T21:34:15+00:00\" \/>\n<meta property=\"og:image\" content=\"https:\/\/qualityoutlet.com\/wp-content\/uploads\/2023\/07\/SQO-2-tjejer-shoppar-pa-High-Street-2-scaled-1.jpg\" \/>\n\t<meta property=\"og:image:width\" content=\"1920\" \/>\n\t<meta property=\"og:image:height\" content=\"2560\" \/>\n\t<meta property=\"og:image:type\" content=\"image\/jpeg\" \/>\n<meta name=\"twitter:card\" content=\"summary_large_image\" \/>\n<meta name=\"twitter:label1\" content=\"Estimated reading time\" \/>\n\t<meta name=\"twitter:data1\" content=\"1 minute\" \/>\n<script type=\"application\/ld+json\" class=\"yoast-schema-graph\">{\"@context\":\"https:\/\/schema.org\",\"@graph\":[{\"@type\":\"WebPage\",\"@id\":\"https:\/\/qualityoutlet.com\/besok\/bli-medlem-i-sqo\/\",\"url\":\"https:\/\/qualityoutlet.com\/besok\/bli-medlem-i-sqo\/\",\"name\":\"Missa inte v\u00e5rt nyhetsbrev! \u2013 Stockholm Quality Outlet\",\"isPartOf\":{\"@id\":\"https:\/\/qualityoutlet.com\/#website\"},\"primaryImageOfPage\":{\"@id\":\"https:\/\/qualityoutlet.com\/besok\/bli-medlem-i-sqo\/#primaryimage\"},\"image\":{\"@id\":\"https:\/\/qualityoutlet.com\/besok\/bli-medlem-i-sqo\/#primaryimage\"},\"thumbnailUrl\":\"https:\/\/qualityoutlet.com\/wp-content\/uploads\/2023\/07\/SQO-2-tjejer-shoppar-pa-High-Street-2-scaled-1.jpg\",\"datePublished\":\"2023-06-01T11:35:30+00:00\",\"dateModified\":\"2025-12-23T21:34:15+00:00\",\"description\":\"Missa inget nytt! Prenumerera p\u00e5 v\u00e5rt nyhetsbrev f\u00f6r att ta del av de b\u00e4sta dealsen, nya butiker och massa annat skoj.\",\"breadcrumb\":{\"@id\":\"https:\/\/qualityoutlet.com\/besok\/bli-medlem-i-sqo\/#breadcrumb\"},\"inLanguage\":\"en-GB\",\"potentialAction\":[{\"@type\":\"ReadAction\",\"target\":[\"https:\/\/qualityoutlet.com\/besok\/bli-medlem-i-sqo\/\"]}]},{\"@type\":\"ImageObject\",\"inLanguage\":\"en-GB\",\"@id\":\"https:\/\/qualityoutlet.com\/besok\/bli-medlem-i-sqo\/#primaryimage\",\"url\":\"https:\/\/qualityoutlet.com\/wp-content\/uploads\/2023\/07\/SQO-2-tjejer-shoppar-pa-High-Street-2-scaled-1.jpg\",\"contentUrl\":\"https:\/\/qualityoutlet.com\/wp-content\/uploads\/2023\/07\/SQO-2-tjejer-shoppar-pa-High-Street-2-scaled-1.jpg\",\"width\":1920,\"height\":2560},{\"@type\":\"BreadcrumbList\",\"@id\":\"https:\/\/qualityoutlet.com\/besok\/bli-medlem-i-sqo\/#breadcrumb\",\"itemListElement\":[{\"@type\":\"ListItem\",\"position\":1,\"name\":\"Hem\",\"item\":\"https:\/\/qualityoutlet.com\/\"},{\"@type\":\"ListItem\",\"position\":2,\"name\":\"Bes\u00f6k\",\"item\":\"https:\/\/qualityoutlet.com\/besok\/\"},{\"@type\":\"ListItem\",\"position\":3,\"name\":\"Missa inte v\u00e5rt nyhetsbrev!\"}]},{\"@type\":\"WebSite\",\"@id\":\"https:\/\/qualityoutlet.com\/#website\",\"url\":\"https:\/\/qualityoutlet.com\/\",\"name\":\"Stockholm Quality Outlet\",\"description\":\"\",\"potentialAction\":[{\"@type\":\"SearchAction\",\"target\":{\"@type\":\"EntryPoint\",\"urlTemplate\":\"https:\/\/qualityoutlet.com\/?s={search_term_string}\"},\"query-input\":{\"@type\":\"PropertyValueSpecification\",\"valueRequired\":true,\"valueName\":\"search_term_string\"}}],\"inLanguage\":\"en-GB\"}]}<\/script>","yoast_head_json":{"title":"Don't miss our newsletter! - Stockholm Quality Outlet","description":"Don't miss out on anything new! Subscribe to our newsletter to get the best deals, new stores and lots of other fun stuff.","robots":{"index":"index","follow":"follow","max-snippet":"max-snippet:-1","max-image-preview":"max-image-preview:large","max-video-preview":"max-video-preview:-1"},"canonical":"https:\/\/qualityoutlet.com\/en\/wp-json\/wp\/v2\/pages\/10938","og_locale":"en_GB","og_type":"article","og_title":"Missa inte v\u00e5rt nyhetsbrev! \u2013 Stockholm Quality Outlet","og_description":"Missa inget nytt! Prenumerera p\u00e5 v\u00e5rt nyhetsbrev f\u00f6r att ta del av de b\u00e4sta dealsen, nya butiker och massa annat skoj.","og_url":"https:\/\/qualityoutlet.com\/en\/visit\/newsletter\/","article_modified_time":"2025-12-23T21:34:15+00:00","og_image":[{"width":1920,"height":2560,"url":"https:\/\/qualityoutlet.com\/wp-content\/uploads\/2023\/07\/SQO-2-tjejer-shoppar-pa-High-Street-2-scaled-1.jpg","type":"image\/jpeg"}],"twitter_card":"summary_large_image","twitter_misc":{"Estimated reading time":"1 minute"},"schema":{"@context":"https:\/\/schema.org","@graph":[{"@type":"WebPage","@id":"https:\/\/qualityoutlet.com\/besok\/bli-medlem-i-sqo\/","url":"https:\/\/qualityoutlet.com\/besok\/bli-medlem-i-sqo\/","name":"Don't miss our newsletter! - Stockholm Quality Outlet","isPartOf":{"@id":"https:\/\/qualityoutlet.com\/#website"},"primaryImageOfPage":{"@id":"https:\/\/qualityoutlet.com\/besok\/bli-medlem-i-sqo\/#primaryimage"},"image":{"@id":"https:\/\/qualityoutlet.com\/besok\/bli-medlem-i-sqo\/#primaryimage"},"thumbnailUrl":"https:\/\/qualityoutlet.com\/wp-content\/uploads\/2023\/07\/SQO-2-tjejer-shoppar-pa-High-Street-2-scaled-1.jpg","datePublished":"2023-06-01T11:35:30+00:00","dateModified":"2025-12-23T21:34:15+00:00","description":"Don't miss out on anything new! Subscribe to our newsletter to get the best deals, new stores and lots of other fun stuff.","breadcrumb":{"@id":"https:\/\/qualityoutlet.com\/besok\/bli-medlem-i-sqo\/#breadcrumb"},"inLanguage":"en-GB","potentialAction":[{"@type":"ReadAction","target":["https:\/\/qualityoutlet.com\/besok\/bli-medlem-i-sqo\/"]}]},{"@type":"ImageObject","inLanguage":"en-GB","@id":"https:\/\/qualityoutlet.com\/besok\/bli-medlem-i-sqo\/#primaryimage","url":"https:\/\/qualityoutlet.com\/wp-content\/uploads\/2023\/07\/SQO-2-tjejer-shoppar-pa-High-Street-2-scaled-1.jpg","contentUrl":"https:\/\/qualityoutlet.com\/wp-content\/uploads\/2023\/07\/SQO-2-tjejer-shoppar-pa-High-Street-2-scaled-1.jpg","width":1920,"height":2560},{"@type":"BreadcrumbList","@id":"https:\/\/qualityoutlet.com\/besok\/bli-medlem-i-sqo\/#breadcrumb","itemListElement":[{"@type":"ListItem","position":1,"name":"Hem","item":"https:\/\/qualityoutlet.com\/"},{"@type":"ListItem","position":2,"name":"Bes\u00f6k","item":"https:\/\/qualityoutlet.com\/besok\/"},{"@type":"ListItem","position":3,"name":"Missa inte v\u00e5rt nyhetsbrev!"}]},{"@type":"WebSite","@id":"https:\/\/qualityoutlet.com\/#website","url":"https:\/\/qualityoutlet.com\/","name":"Stockholm Quality Outlet","description":"","potentialAction":[{"@type":"SearchAction","target":{"@type":"EntryPoint","urlTemplate":"https:\/\/qualityoutlet.com\/?s={search_term_string}"},"query-input":{"@type":"PropertyValueSpecification","valueRequired":true,"valueName":"search_term_string"}}],"inLanguage":"en-GB"}]}},"_links":{"self":[{"href":"https:\/\/qualityoutlet.com\/en\/wp-json\/wp\/v2\/pages\/10938","targetHints":{"allow":["GET"]}}],"collection":[{"href":"https:\/\/qualityoutlet.com\/en\/wp-json\/wp\/v2\/pages"}],"about":[{"href":"https:\/\/qualityoutlet.com\/en\/wp-json\/wp\/v2\/types\/page"}],"author":[{"embeddable":true,"href":"https:\/\/qualityoutlet.com\/en\/wp-json\/wp\/v2\/users\/4"}],"replies":[{"embeddable":true,"href":"https:\/\/qualityoutlet.com\/en\/wp-json\/wp\/v2\/comments?post=10938"}],"version-history":[{"count":21,"href":"https:\/\/qualityoutlet.com\/en\/wp-json\/wp\/v2\/pages\/10938\/revisions"}],"predecessor-version":[{"id":23926,"href":"https:\/\/qualityoutlet.com\/en\/wp-json\/wp\/v2\/pages\/10938\/revisions\/23926"}],"up":[{"embeddable":true,"href":"https:\/\/qualityoutlet.com\/en\/wp-json\/wp\/v2\/pages\/19"}],"wp:featuredmedia":[{"embeddable":true,"href":"https:\/\/qualityoutlet.com\/en\/wp-json\/wp\/v2\/media\/11205"}],"wp:attachment":[{"href":"https:\/\/qualityoutlet.com\/en\/wp-json\/wp\/v2\/media?parent=10938"}],"curies":[{"name":"wp","href":"https:\/\/api.w.org\/{rel}","templated":true}]}}